{"id":2708,"date":"2026-04-10T19:18:16","date_gmt":"2026-04-10T19:18:16","guid":{"rendered":"https:\/\/peptilife.co\/?post_type=product&#038;p=2708"},"modified":"2026-04-10T19:18:16","modified_gmt":"2026-04-10T19:18:16","slug":"pinealon-20-mg","status":"publish","type":"product","link":"https:\/\/peptilife.co\/es\/producto\/pinealon-20-mg\/","title":{"rendered":"Pinealon | 20 mg"},"content":{"rendered":"<p>Pinealon es un p\u00e9ptido bioregulador de cadena corta (trip\u00e9ptido) compuesto por los amino\u00e1cidos Glu-Asp-Arg, desarrollado originalmente por el Instituto de Bioregulaci\u00f3n y Gerontolog\u00eda de San Petersburgo. Este p\u00e9ptido tiene una afinidad espec\u00edfica por el tejido cerebral y act\u00faa como regulador de la funci\u00f3n del sistema nervioso central, promoviendo la normalizaci\u00f3n de los procesos metab\u00f3licos en las neuronas y la protecci\u00f3n contra el da\u00f1o oxidativo.<\/p>\n<p>Estudios precl\u00ednicos han demostrado que Pinealon puede favorecer la mejora de las funciones cognitivas, la memoria y la concentraci\u00f3n, adem\u00e1s de ejercer un efecto neuroprotector significativo. Su mecanismo de acci\u00f3n incluye la regulaci\u00f3n de la expresi\u00f3n g\u00e9nica en las c\u00e9lulas cerebrales y la estimulaci\u00f3n de la s\u00edntesis de prote\u00ednas esenciales para la funci\u00f3n neuronal. Pinealon representa un avance importante en la investigaci\u00f3n sobre p\u00e9ptidos bioreguladores y su potencial para apoyar la salud cerebral. Producto destinado \u00fanicamente a fines de investigaci\u00f3n.<\/p>\n","protected":false},"excerpt":{"rendered":"<p>Pinealon 20 mg \u2014 p\u00e9ptido bioregulador cerebral de cadena corta para investigaci\u00f3n. Promueve la funci\u00f3n cognitiva, la memoria y la neuroprotecci\u00f3n mediante la regulaci\u00f3n de procesos metab\u00f3licos neuronales. Producto destinado \u00fanicamente a fines de investigaci\u00f3n.<\/p>\n","protected":false},"featured_media":2709,"comment_status":"open","ping_status":"closed","template":"","meta":{"_acf_changed":false,"inline_featured_image":false},"product_brand":[],"product_cat":[90],"product_tag":[],"class_list":{"0":"post-2708","1":"product","2":"type-product","3":"status-publish","4":"has-post-thumbnail","6":"product_cat-energy","8":"first","9":"instock","10":"shipping-taxable","11":"purchasable","12":"product-type-simple"},"acf":[],"_links":{"self":[{"href":"https:\/\/peptilife.co\/es\/wp-json\/wp\/v2\/product\/2708","targetHints":{"allow":["GET"]}}],"collection":[{"href":"https:\/\/peptilife.co\/es\/wp-json\/wp\/v2\/product"}],"about":[{"href":"https:\/\/peptilife.co\/es\/wp-json\/wp\/v2\/types\/product"}],"replies":[{"embeddable":true,"href":"https:\/\/peptilife.co\/es\/wp-json\/wp\/v2\/comments?post=2708"}],"wp:featuredmedia":[{"embeddable":true,"href":"https:\/\/peptilife.co\/es\/wp-json\/wp\/v2\/media\/2709"}],"wp:attachment":[{"href":"https:\/\/peptilife.co\/es\/wp-json\/wp\/v2\/media?parent=2708"}],"wp:term":[{"taxonomy":"product_brand","embeddable":true,"href":"https:\/\/peptilife.co\/es\/wp-json\/wp\/v2\/product_brand?post=2708"},{"taxonomy":"product_cat","embeddable":true,"href":"https:\/\/peptilife.co\/es\/wp-json\/wp\/v2\/product_cat?post=2708"},{"taxonomy":"product_tag","embeddable":true,"href":"https:\/\/peptilife.co\/es\/wp-json\/wp\/v2\/product_tag?post=2708"}],"curies":[{"name":"wp","href":"https:\/\/api.w.org\/{rel}","templated":true}]}}