{"id":2537,"date":"2026-03-18T13:00:30","date_gmt":"2026-03-18T13:00:30","guid":{"rendered":"https:\/\/peptilife.co\/?post_type=product&#038;p=2537"},"modified":"2026-04-25T14:32:41","modified_gmt":"2026-04-25T14:32:41","slug":"klow-bpc157-ghk-cu-tb500-kpv-10-mg-50-mg-10-mg-10-mg","status":"publish","type":"product","link":"https:\/\/peptilife.co\/es\/producto\/klow-bpc157-ghk-cu-tb500-kpv-10-mg-50-mg-10-mg-10-mg\/","title":{"rendered":"KLOW  BPC157 +GHK-CU  +TB500 + KPV | 10 mg + 50 mg + 10 mg +10 mg"},"content":{"rendered":"<p data-start=\"29\" data-end=\"234\">KLOW BPC-157 + GHK-Cu + TB-500 + KPV es una combinaci\u00f3n avanzada de p\u00e9ptidos dise\u00f1ada para apoyar la regeneraci\u00f3n celular, la recuperaci\u00f3n tisular y la modulaci\u00f3n de procesos inflamatorios en el organismo.<\/p>\n<ul data-start=\"236\" data-end=\"1072\">\n<li data-section-id=\"15ze70z\" data-start=\"236\" data-end=\"487\">\n<p data-start=\"238\" data-end=\"487\"><strong data-start=\"238\" data-end=\"258\">BPC-157 (10 mg):<\/strong> P\u00e9ptido derivado de una prote\u00edna g\u00e1strica, conocido por sus propiedades regenerativas. Favorece la cicatrizaci\u00f3n de tejidos, incluyendo m\u00fasculos, tendones y ligamentos, adem\u00e1s de contribuir a la protecci\u00f3n del sistema digestivo.<\/p>\n<\/li>\n<li data-section-id=\"7qlq61\" data-start=\"489\" data-end=\"720\">\n<p data-start=\"491\" data-end=\"720\"><strong data-start=\"491\" data-end=\"510\">GHK-Cu (50 mg):<\/strong> P\u00e9ptido unido a cobre con potentes efectos reparadores y antioxidantes. Estimula la producci\u00f3n de col\u00e1geno, mejora la calidad de la piel y puede contribuir a la regeneraci\u00f3n celular y reducci\u00f3n de inflamaci\u00f3n.<\/p>\n<\/li>\n<li data-section-id=\"shwqz\" data-start=\"722\" data-end=\"914\">\n<p data-start=\"724\" data-end=\"914\"><strong data-start=\"724\" data-end=\"743\">TB-500 (10 mg):<\/strong> Fragmento sint\u00e9tico de la timosina beta-4. Promueve la migraci\u00f3n celular, la angiog\u00e9nesis (formaci\u00f3n de nuevos vasos sangu\u00edneos) y la recuperaci\u00f3n de lesiones musculares.<\/p>\n<\/li>\n<li data-section-id=\"ysf1y9\" data-start=\"916\" data-end=\"1072\">\n<p data-start=\"918\" data-end=\"1072\"><strong data-start=\"918\" data-end=\"934\">KPV (10 mg):<\/strong> P\u00e9ptido con propiedades antiinflamatorias y moduladoras del sistema inmune. Puede ayudar a reducir la inflamaci\u00f3n intestinal y sist\u00e9mica.<\/p>\n<\/li>\n<\/ul>\n<p data-start=\"1074\" data-end=\"1305\"><strong data-start=\"1074\" data-end=\"1090\">Uso general:<\/strong><br \/>\nEsta f\u00f3rmula se utiliza com\u00fanmente en protocolos de recuperaci\u00f3n, medicina regenerativa y optimizaci\u00f3n del rendimiento f\u00edsico, favoreciendo la reparaci\u00f3n de tejidos da\u00f1ados y la reducci\u00f3n de procesos inflamatorios.<\/p>\n<p data-start=\"1307\" data-end=\"1473\" data-is-last-node=\"\" data-is-only-node=\"\"><strong data-start=\"1307\" data-end=\"1327\">Nota importante:<\/strong><br \/>\nEl uso de p\u00e9ptidos debe realizarse bajo supervisi\u00f3n profesional, ya que su aplicaci\u00f3n, dosificaci\u00f3n y seguridad dependen de cada caso individual.<\/p>\n","protected":false},"excerpt":{"rendered":"<div class=\"flex flex-col text-sm pb-25\">\n<article class=\"text-token-text-primary w-full focus:outline-none [--shadow-height:45px] has-data-writing-block:pointer-events-none has-data-writing-block:-mt-(--shadow-height) has-data-writing-block:pt-(--shadow-height) [&amp;:has([data-writing-block])&gt;*]:pointer-events-auto scroll-mt-[calc(var(--header-height)+min(200px,max(70px,20svh)))]\" dir=\"auto\" data-turn-id=\"request-WEB:cf2105fb-437c-4b35-bf4a-c72233f6923b-23\" data-testid=\"conversation-turn-4\" data-scroll-anchor=\"true\" data-turn=\"assistant\">\n<div class=\"text-base my-auto mx-auto pb-10 [--thread-content-margin:var(--thread-content-margin-xs,calc(var(--spacing)*4))] @w-sm\/main:[--thread-content-margin:var(--thread-content-margin-sm,calc(var(--spacing)*6))] @w-lg\/main:[--thread-content-margin:var(--thread-content-margin-lg,calc(var(--spacing)*16))] px-(--thread-content-margin)\">\n<div class=\"[--thread-content-max-width:40rem] @w-lg\/main:[--thread-content-max-width:48rem] mx-auto max-w-(--thread-content-max-width) flex-1 group\/turn-messages focus-visible:outline-hidden relative flex w-full min-w-0 flex-col agent-turn\">\n<div class=\"flex max-w-full flex-col gap-4 grow\">\n<div class=\"min-h-8 text-message relative flex w-full flex-col items-end gap-2 text-start break-words whitespace-normal [.text-message+&amp;]:mt-1\" dir=\"auto\" data-message-author-role=\"assistant\" data-message-id=\"d566c10f-9b0b-4c16-a59a-b11815608c5d\" data-message-model-slug=\"gpt-5-3\">\n<div class=\"flex w-full flex-col gap-1 empty:hidden\">\n<div class=\"markdown prose dark:prose-invert w-full wrap-break-word light markdown-new-styling\">\n<p data-start=\"34\" data-end=\"200\">KLOW BPC-157 + GHK-Cu + TB-500 + KPV es una mezcla de p\u00e9ptidos orientada a la regeneraci\u00f3n de tejidos, reducci\u00f3n de la inflamaci\u00f3n y mejora de la recuperaci\u00f3n f\u00edsica.<\/p>\n<ul data-start=\"202\" data-end=\"446\">\n<li data-section-id=\"1khsvxj\" data-start=\"202\" data-end=\"271\">\n<p data-start=\"204\" data-end=\"271\"><strong data-start=\"204\" data-end=\"224\">BPC-157 (10 mg):<\/strong> Apoya la cicatrizaci\u00f3n de m\u00fasculos y tejidos<\/p>\n<\/li>\n<li data-section-id=\"vn6tlw\" data-start=\"272\" data-end=\"334\">\n<p data-start=\"274\" data-end=\"334\"><strong data-start=\"274\" data-end=\"293\">GHK-Cu (50 mg):<\/strong> Estimula col\u00e1geno y reparaci\u00f3n celular<\/p>\n<\/li>\n<li data-section-id=\"180svft\" data-start=\"335\" data-end=\"392\">\n<p data-start=\"337\" data-end=\"392\"><strong data-start=\"337\" data-end=\"356\">TB-500 (10 mg):<\/strong> Favorece recuperaci\u00f3n y movilidad<\/p>\n<\/li>\n<li data-section-id=\"83eduq\" data-start=\"393\" data-end=\"446\">\n<p data-start=\"395\" data-end=\"446\"><strong data-start=\"395\" data-end=\"411\">KPV (10 mg):<\/strong> Acci\u00f3n antiinflamatoria e inmune<\/p>\n<\/li>\n<\/ul>\n<p data-start=\"448\" data-end=\"515\" data-is-last-node=\"\" data-is-only-node=\"\">Uso com\u00fan en recuperaci\u00f3n y bienestar bajo supervisi\u00f3n profesional.<\/p>\n<\/div>\n<\/div>\n<\/div>\n<\/div>\n<div class=\"z-0 flex min-h-[46px] justify-start\"><\/div>\n<\/div>\n<\/div>\n<\/article>\n<\/div>\n<div class=\"pointer-events-none h-px w-px absolute bottom-0\" aria-hidden=\"true\" data-edge=\"true\"><\/div>\n","protected":false},"featured_media":2538,"comment_status":"open","ping_status":"closed","template":"","meta":{"_acf_changed":false,"inline_featured_image":false},"product_brand":[],"product_cat":[89],"product_tag":[],"class_list":{"0":"post-2537","1":"product","2":"type-product","3":"status-publish","4":"has-post-thumbnail","6":"product_cat-beauty","8":"first","9":"instock","10":"shipping-taxable","11":"purchasable","12":"product-type-simple"},"acf":[],"_links":{"self":[{"href":"https:\/\/peptilife.co\/es\/wp-json\/wp\/v2\/product\/2537","targetHints":{"allow":["GET"]}}],"collection":[{"href":"https:\/\/peptilife.co\/es\/wp-json\/wp\/v2\/product"}],"about":[{"href":"https:\/\/peptilife.co\/es\/wp-json\/wp\/v2\/types\/product"}],"replies":[{"embeddable":true,"href":"https:\/\/peptilife.co\/es\/wp-json\/wp\/v2\/comments?post=2537"}],"wp:featuredmedia":[{"embeddable":true,"href":"https:\/\/peptilife.co\/es\/wp-json\/wp\/v2\/media\/2538"}],"wp:attachment":[{"href":"https:\/\/peptilife.co\/es\/wp-json\/wp\/v2\/media?parent=2537"}],"wp:term":[{"taxonomy":"product_brand","embeddable":true,"href":"https:\/\/peptilife.co\/es\/wp-json\/wp\/v2\/product_brand?post=2537"},{"taxonomy":"product_cat","embeddable":true,"href":"https:\/\/peptilife.co\/es\/wp-json\/wp\/v2\/product_cat?post=2537"},{"taxonomy":"product_tag","embeddable":true,"href":"https:\/\/peptilife.co\/es\/wp-json\/wp\/v2\/product_tag?post=2537"}],"curies":[{"name":"wp","href":"https:\/\/api.w.org\/{rel}","templated":true}]}}