{"id":2369,"date":"2026-02-26T16:11:56","date_gmt":"2026-02-26T16:11:56","guid":{"rendered":"https:\/\/peptilife.co\/?post_type=product&#038;p=2369"},"modified":"2026-04-23T13:55:39","modified_gmt":"2026-04-23T13:55:39","slug":"bacteriostatic-water-3-ml","status":"publish","type":"product","link":"https:\/\/peptilife.co\/es\/producto\/bacteriostatic-water-3-ml\/","title":{"rendered":"Agua bacteriost\u00e1tica | 3 ml"},"content":{"rendered":"<p class=\"p1\">El <span class=\"s1\"><b>agua bacteriost\u00e1tica<\/b><\/span> es una soluci\u00f3n de agua est\u00e9ril y no pirog\u00e9nica que contiene una peque\u00f1a cantidad de <span class=\"s1\"><b>alcohol benc\u00edlico (0,9%)<\/b><\/span> para prevenir el crecimiento bacteriano. Se utiliza com\u00fanmente como diluyente para <span class=\"s1\"><b>reconstituir p\u00e9ptidos y medicamentos antes de su inyecci\u00f3n<\/b><\/span>.<\/p>\n<p class=\"p3\"><b>Caracter\u00edsticas y beneficios principales:<\/b><b><\/b><\/p>\n<p class=\"p1\">\u2022 <span class=\"s1\"><b>Preparaci\u00f3n est\u00e9ril:<\/b><\/span> garantiza una mezcla segura de p\u00e9ptidos y compuestos.<\/p>\n<p class=\"p1\">\u2022 <span class=\"s1\"><b>Uso prolongado:<\/b><\/span> el agente bacteriost\u00e1tico permite utilizar m\u00faltiples dosis del mismo vial durante <span class=\"s1\"><b>hasta 45 d\u00edas despu\u00e9s de abierto<\/b><\/span>.<\/p>\n<p class=\"p1\">\u2022 <span class=\"s1\"><b>Precisi\u00f3n y estabilidad:<\/b><\/span> proporciona un medio confiable para disolver p\u00e9ptidos mientras mantiene su integridad.<\/p>\n<p class=\"p1\">\u2022 <span class=\"s1\"><b>Versatilidad:<\/b><\/span> adecuado para usarse con una amplia variedad de terapias con p\u00e9ptidos y medicamentos inyectables.<\/p>\n<p class=\"p3\"><span class=\"s2\">El <\/span><b>agua bacteriost\u00e1tica<\/b><span class=\"s2\"> es un complemento esencial en protocolos con p\u00e9ptidos, ya que garantiza <\/span><b>seguridad y comodidad en la preparaci\u00f3n y administraci\u00f3n de productos que requieren reconstituci\u00f3n<\/b><span class=\"s2\">.<\/span><\/p>\n","protected":false},"excerpt":{"rendered":"<p class=\"p1\"><span class=\"s1\">El <\/span><b>agua bacteriost\u00e1tica<\/b><span class=\"s1\"> es un diluyente est\u00e9ril utilizado para <\/span><b>reconstituir de forma segura p\u00e9ptidos y medicamentos inyectables<\/b><span class=\"s1\">.<\/span><\/p>\n","protected":false},"featured_media":1906,"comment_status":"open","ping_status":"closed","template":"","meta":{"_acf_changed":false,"inline_featured_image":false},"product_brand":[],"product_cat":[91],"product_tag":[],"class_list":{"0":"post-2369","1":"product","2":"type-product","3":"status-publish","4":"has-post-thumbnail","6":"product_cat-complements","8":"first","9":"instock","10":"shipping-taxable","11":"purchasable","12":"product-type-simple"},"acf":[],"_links":{"self":[{"href":"https:\/\/peptilife.co\/es\/wp-json\/wp\/v2\/product\/2369","targetHints":{"allow":["GET"]}}],"collection":[{"href":"https:\/\/peptilife.co\/es\/wp-json\/wp\/v2\/product"}],"about":[{"href":"https:\/\/peptilife.co\/es\/wp-json\/wp\/v2\/types\/product"}],"replies":[{"embeddable":true,"href":"https:\/\/peptilife.co\/es\/wp-json\/wp\/v2\/comments?post=2369"}],"wp:featuredmedia":[{"embeddable":true,"href":"https:\/\/peptilife.co\/es\/wp-json\/wp\/v2\/media\/1906"}],"wp:attachment":[{"href":"https:\/\/peptilife.co\/es\/wp-json\/wp\/v2\/media?parent=2369"}],"wp:term":[{"taxonomy":"product_brand","embeddable":true,"href":"https:\/\/peptilife.co\/es\/wp-json\/wp\/v2\/product_brand?post=2369"},{"taxonomy":"product_cat","embeddable":true,"href":"https:\/\/peptilife.co\/es\/wp-json\/wp\/v2\/product_cat?post=2369"},{"taxonomy":"product_tag","embeddable":true,"href":"https:\/\/peptilife.co\/es\/wp-json\/wp\/v2\/product_tag?post=2369"}],"curies":[{"name":"wp","href":"https:\/\/api.w.org\/{rel}","templated":true}]}}