{"id":2126,"date":"2026-01-22T16:26:44","date_gmt":"2026-01-22T16:26:44","guid":{"rendered":"https:\/\/peptilife.co\/?post_type=product&#038;p=2126"},"modified":"2026-04-26T20:58:57","modified_gmt":"2026-04-26T20:58:57","slug":"retatrutide-30-mg","status":"publish","type":"product","link":"https:\/\/peptilife.co\/es\/producto\/retatrutide-30-mg\/","title":{"rendered":"Retatrutide | 30 mg"},"content":{"rendered":"<p class=\"p1\"><span class=\"s1\"><b>Retatrutida<\/b><\/span> es un p\u00e9ptido investigacional de nueva generaci\u00f3n que act\u00faa como un <span class=\"s1\"><b>agonista triple de los receptores GLP-1, GIP y glucag\u00f3n<\/b><\/span>. Este mecanismo \u00fanico amplifica la respuesta natural del cuerpo en la <span class=\"s1\"><b>regulaci\u00f3n del apetito, la glucosa y el metabolismo de las grasas<\/b><\/span>. Al reducir el hambre, mejorar la sensibilidad a la insulina y estimular la oxidaci\u00f3n de grasas, la Retatrutida promueve <span class=\"s1\"><b>una reducci\u00f3n significativa del peso y un mejor equilibrio metab\u00f3lico<\/b><\/span>.<\/p>\n<p class=\"p1\">Reconocida como uno de los avances m\u00e1s prometedores en el campo de la <span class=\"s1\"><b>salud metab\u00f3lica<\/b><\/span>, la Retatrutida ofrece un enfoque integral para el manejo del peso. M\u00e1s all\u00e1 de apoyar la p\u00e9rdida de grasa, contribuye a <span class=\"s1\"><b>mejorar los niveles de energ\u00eda y el bienestar general<\/b><\/span>, ayudando a las personas a avanzar hacia un estilo de vida m\u00e1s saludable y sostenible.<\/p>\n","protected":false},"excerpt":{"rendered":"<p class=\"p1\"><b>Retatrutida<\/b><span class=\"s1\"> es un p\u00e9ptido innovador dise\u00f1ado para <\/span><b>apoyar la p\u00e9rdida de peso y la regulaci\u00f3n metab\u00f3lica<\/b><span class=\"s1\">, ofreciendo resultados efectivos en <\/span><b>el control del apetito y la mejora de la composici\u00f3n corporal<\/b><span class=\"s1\">.<\/span><\/p>\n","protected":false},"featured_media":2127,"comment_status":"open","ping_status":"closed","template":"","meta":{"_acf_changed":false,"inline_featured_image":false},"product_brand":[],"product_cat":[87],"product_tag":[],"class_list":{"0":"post-2126","1":"product","2":"type-product","3":"status-publish","4":"has-post-thumbnail","6":"product_cat-weight","8":"first","9":"instock","10":"shipping-taxable","11":"purchasable","12":"product-type-simple"},"acf":[],"_links":{"self":[{"href":"https:\/\/peptilife.co\/es\/wp-json\/wp\/v2\/product\/2126","targetHints":{"allow":["GET"]}}],"collection":[{"href":"https:\/\/peptilife.co\/es\/wp-json\/wp\/v2\/product"}],"about":[{"href":"https:\/\/peptilife.co\/es\/wp-json\/wp\/v2\/types\/product"}],"replies":[{"embeddable":true,"href":"https:\/\/peptilife.co\/es\/wp-json\/wp\/v2\/comments?post=2126"}],"wp:featuredmedia":[{"embeddable":true,"href":"https:\/\/peptilife.co\/es\/wp-json\/wp\/v2\/media\/2127"}],"wp:attachment":[{"href":"https:\/\/peptilife.co\/es\/wp-json\/wp\/v2\/media?parent=2126"}],"wp:term":[{"taxonomy":"product_brand","embeddable":true,"href":"https:\/\/peptilife.co\/es\/wp-json\/wp\/v2\/product_brand?post=2126"},{"taxonomy":"product_cat","embeddable":true,"href":"https:\/\/peptilife.co\/es\/wp-json\/wp\/v2\/product_cat?post=2126"},{"taxonomy":"product_tag","embeddable":true,"href":"https:\/\/peptilife.co\/es\/wp-json\/wp\/v2\/product_tag?post=2126"}],"curies":[{"name":"wp","href":"https:\/\/api.w.org\/{rel}","templated":true}]}}