{"id":2091,"date":"2026-01-10T20:18:07","date_gmt":"2026-01-10T20:18:07","guid":{"rendered":"https:\/\/peptilife.co\/?post_type=product&#038;p=2091"},"modified":"2026-04-23T13:55:48","modified_gmt":"2026-04-23T13:55:48","slug":"selank-10-mg","status":"publish","type":"product","link":"https:\/\/peptilife.co\/es\/producto\/selank-10-mg\/","title":{"rendered":"Selank | 10 mg"},"content":{"rendered":"<p class=\"p1\">Selank es un neurop\u00e9ptido sint\u00e9tico desarrollado para investigaci\u00f3n cient\u00edfica, con enfoque en la regulaci\u00f3n de la ansiedad, la funci\u00f3n cognitiva y el equilibrio emocional. Es un an\u00e1logo modificado del p\u00e9ptido natural tuftsin, dise\u00f1ado para ofrecer mayor estabilidad y actividad en entornos de investigaci\u00f3n.<\/p>\n<p class=\"p1\">En estudios de laboratorio, Selank es conocido principalmente por su interacci\u00f3n con sistemas de neurotransmisores, en especial los relacionados con la se\u00f1alizaci\u00f3n de GABA y serotonina. Estas v\u00edas cumplen un papel central en la regulaci\u00f3n del estado de \u00e1nimo, la respuesta al estr\u00e9s y la claridad mental. Por este mecanismo, Selank se estudia con frecuencia como un p\u00e9ptido ansiol\u00edtico no sedante, es decir, se investiga por posibles efectos calmantes sin afectar el rendimiento cognitivo.<\/p>\n<p class=\"p1\">Tambi\u00e9n se investiga por su influencia en la memoria, el enfoque y los procesos de aprendizaje. Modelos de investigaci\u00f3n sugieren que podr\u00eda apoyar el desempe\u00f1o cognitivo bajo estr\u00e9s al ayudar a regular el equilibrio neuroqu\u00edmico, en lugar de sobreestimular el sistema nervioso. Esto hace que Selank sea un compuesto de inter\u00e9s en investigaci\u00f3n nootr\u00f3pica y neuroadaptativa.<\/p>\n<p class=\"p1\">Adem\u00e1s, Selank ha sido estudiado por su posible papel en la se\u00f1alizaci\u00f3n del sistema inmunitario, ya que los p\u00e9ptidos derivados de tuftsin participan en la modulaci\u00f3n inmune. Esto ampl\u00eda su relevancia m\u00e1s all\u00e1 de la neurociencia, hacia campos m\u00e1s amplios de investigaci\u00f3n neuroinmunol\u00f3gica.<\/p>\n<p class=\"p1\">\u00c1reas clave de investigaci\u00f3n<\/p>\n<p class=\"p1\">Regulaci\u00f3n de la ansiedad y la respuesta al estr\u00e9s<\/p>\n<p class=\"p1\">V\u00edas del estado de \u00e1nimo y el equilibrio emocional<\/p>\n<p class=\"p1\">Funci\u00f3n cognitiva, enfoque y memoria<\/p>\n<p class=\"p1\">Se\u00f1alizaci\u00f3n de neurotransmisores (GABA, serotonina)<\/p>\n<p class=\"p1\">Investigaci\u00f3n de interacciones neuroinmunes<\/p>\n","protected":false},"excerpt":{"rendered":"<div class=\"flex flex-col text-sm pb-25\">\n<article class=\"text-token-text-primary w-full focus:outline-none [--shadow-height:45px] has-data-writing-block:pointer-events-none has-data-writing-block:-mt-(--shadow-height) has-data-writing-block:pt-(--shadow-height) [&amp;:has([data-writing-block])&gt;*]:pointer-events-auto scroll-mt-[calc(var(--header-height)+min(200px,max(70px,20svh)))]\" dir=\"auto\" tabindex=\"-1\" data-turn-id=\"request-6962a9ba-3010-8327-9ed0-9dbd2d1e06e2-0\" data-testid=\"conversation-turn-12\" data-scroll-anchor=\"true\" data-turn=\"assistant\">\n<div class=\"text-base my-auto mx-auto pb-10 [--thread-content-margin:--spacing(4)] @w-sm\/main:[--thread-content-margin:--spacing(6)] @w-lg\/main:[--thread-content-margin:--spacing(16)] px-(--thread-content-margin)\">\n<div class=\"[--thread-content-max-width:40rem] @w-lg\/main:[--thread-content-max-width:48rem] mx-auto max-w-(--thread-content-max-width) flex-1 group\/turn-messages focus-visible:outline-hidden relative flex w-full min-w-0 flex-col agent-turn\" tabindex=\"-1\">\n<div class=\"flex max-w-full flex-col grow\">\n<div class=\"min-h-8 text-message relative flex w-full flex-col items-end gap-2 text-start break-words whitespace-normal [.text-message+&amp;]:mt-1\" dir=\"auto\" data-message-author-role=\"assistant\" data-message-id=\"ffe4c3f3-616a-41bd-ab37-57978363418f\" data-message-model-slug=\"gpt-5-2\">\n<div class=\"flex w-full flex-col gap-1 empty:hidden first:pt-[1px]\">\n<div class=\"markdown prose dark:prose-invert w-full break-words light markdown-new-styling\">\n<p class=\"p1\">Selank es un neurop\u00e9ptido de investigaci\u00f3n estudiado por su papel en la regulaci\u00f3n de la ansiedad, el equilibrio emocional y la funci\u00f3n cognitiva. Se incluye com\u00fanmente en investigaciones de laboratorio enfocadas en la respuesta al estr\u00e9s, la estabilidad del estado de \u00e1nimo y la claridad mental, sin efectos sedantes.<\/p>\n<ul>\n<li>\n<p class=\"p1\">Estudiado por sus v\u00edas relacionadas con la ansiedad y el estr\u00e9s<\/p>\n<\/li>\n<li>\n<p class=\"p1\">Involucrado en el estado de \u00e1nimo y el equilibrio emocional<\/p>\n<\/li>\n<li>\n<p class=\"p1\">Apoya la investigaci\u00f3n cognitiva y neuroadaptativa<\/p>\n<\/li>\n<\/ul>\n<p>&nbsp;<\/p>\n<p class=\"p1\"><span class=\"s2\"><b>Forma:<\/b><\/span> polvo liofilizado<\/p>\n<p class=\"p4\"><b>Contenido:<\/b><span class=\"s3\"> 10 mg<\/span><\/p>\n<\/div>\n<\/div>\n<\/div>\n<\/div>\n<\/div>\n<\/div>\n<\/article>\n<\/div>\n<div class=\"pointer-events-none h-px w-px absolute bottom-0\" aria-hidden=\"true\" data-edge=\"true\"><\/div>\n","protected":false},"featured_media":2092,"comment_status":"open","ping_status":"closed","template":"","meta":{"_acf_changed":false,"inline_featured_image":false},"product_brand":[],"product_cat":[89],"product_tag":[],"class_list":{"0":"post-2091","1":"product","2":"type-product","3":"status-publish","4":"has-post-thumbnail","6":"product_cat-beauty","8":"first","9":"instock","10":"shipping-taxable","11":"purchasable","12":"product-type-simple"},"acf":[],"_links":{"self":[{"href":"https:\/\/peptilife.co\/es\/wp-json\/wp\/v2\/product\/2091","targetHints":{"allow":["GET"]}}],"collection":[{"href":"https:\/\/peptilife.co\/es\/wp-json\/wp\/v2\/product"}],"about":[{"href":"https:\/\/peptilife.co\/es\/wp-json\/wp\/v2\/types\/product"}],"replies":[{"embeddable":true,"href":"https:\/\/peptilife.co\/es\/wp-json\/wp\/v2\/comments?post=2091"}],"wp:featuredmedia":[{"embeddable":true,"href":"https:\/\/peptilife.co\/es\/wp-json\/wp\/v2\/media\/2092"}],"wp:attachment":[{"href":"https:\/\/peptilife.co\/es\/wp-json\/wp\/v2\/media?parent=2091"}],"wp:term":[{"taxonomy":"product_brand","embeddable":true,"href":"https:\/\/peptilife.co\/es\/wp-json\/wp\/v2\/product_brand?post=2091"},{"taxonomy":"product_cat","embeddable":true,"href":"https:\/\/peptilife.co\/es\/wp-json\/wp\/v2\/product_cat?post=2091"},{"taxonomy":"product_tag","embeddable":true,"href":"https:\/\/peptilife.co\/es\/wp-json\/wp\/v2\/product_tag?post=2091"}],"curies":[{"name":"wp","href":"https:\/\/api.w.org\/{rel}","templated":true}]}}