{"id":2083,"date":"2026-01-10T19:54:08","date_gmt":"2026-01-10T19:54:08","guid":{"rendered":"https:\/\/peptilife.co\/?post_type=product&#038;p=2083"},"modified":"2026-04-23T13:55:52","modified_gmt":"2026-04-23T13:55:52","slug":"mt2-melanotan-ii-10-mg","status":"publish","type":"product","link":"https:\/\/peptilife.co\/es\/producto\/mt2-melanotan-ii-10-mg\/","title":{"rendered":"MT2 (Melanotan II) | 10 mg"},"content":{"rendered":"<p class=\"p1\">MT2 (Melanotan II) \u2013 10 mg |<\/p>\n<p class=\"p1\">Melanotan II (MT2) es un p\u00e9ptido de investigaci\u00f3n estudiado por su interacci\u00f3n con el sistema melanocort\u00ednico del cuerpo, un grupo de receptores involucrados en la pigmentaci\u00f3n de la piel, el apetito y el equilibrio energ\u00e9tico.<\/p>\n<p class=\"p1\">En entornos de investigaci\u00f3n, MT2 es conocido principalmente por su papel en la producci\u00f3n de melanina, el proceso natural que da color a la piel. Al activar los receptores melanocort\u00ednicos, MT2 ayuda a los cient\u00edficos a estudiar c\u00f3mo funcionan las v\u00edas de pigmentaci\u00f3n y c\u00f3mo el cuerpo responde a las se\u00f1ales relacionadas con el bronceado y la protecci\u00f3n de la piel.<\/p>\n<p class=\"p1\">MT2 tambi\u00e9n ha sido estudiado por su relaci\u00f3n con el control del apetito y la se\u00f1alizaci\u00f3n de saciedad. El sistema melanocort\u00ednico cumple un rol en c\u00f3mo el cerebro regula el hambre y la sensaci\u00f3n de plenitud, raz\u00f3n por la cual Melanotan II se incluye con frecuencia en investigaciones metab\u00f3licas y relacionadas con el apetito.<\/p>\n<p class=\"p1\">Dado que los receptores melanocort\u00ednicos est\u00e1n presentes en el sistema nervioso central, MT2 tambi\u00e9n se utiliza en investigaciones de laboratorio para comprender mejor c\u00f3mo estas v\u00edas influyen en el comportamiento, la regulaci\u00f3n de la energ\u00eda y la comunicaci\u00f3n neuroendocrina.<\/p>\n<p class=\"p1\">Por qu\u00e9 se estudia MT2<\/p>\n<ul>\n<li>\n<p class=\"p1\">Ayuda a estudiar la pigmentaci\u00f3n de la piel y la producci\u00f3n de melanina<\/p>\n<\/li>\n<li>\n<p class=\"p1\">Involucrado en la se\u00f1alizaci\u00f3n del apetito y la saciedad<\/p>\n<\/li>\n<li>\n<p class=\"p1\">Apoya investigaciones sobre el equilibrio energ\u00e9tico<\/p>\n<\/li>\n<li>\n<p class=\"p1\">P\u00e9ptido de acci\u00f3n prolongada utilizado en modelos de laboratorio<\/p>\n<\/li>\n<\/ul>\n<p>&nbsp;<\/p>\n<p class=\"p1\">Informaci\u00f3n del producto<\/p>\n<p class=\"p4\"><b>Cantidad:<\/b><span class=\"s2\"> 10 mg<\/span><\/p>\n<p class=\"p1\"><span class=\"s3\"><b>Forma:<\/b><\/span> polvo liofilizado<\/p>\n<p class=\"p1\"><span class=\"s3\"><b>Uso:<\/b><\/span> solo para fines de investigaci\u00f3n<\/p>\n","protected":false},"excerpt":{"rendered":"<div class=\"flex flex-col text-sm pb-25\">\n<article class=\"text-token-text-primary w-full focus:outline-none [--shadow-height:45px] has-data-writing-block:pointer-events-none has-data-writing-block:-mt-(--shadow-height) has-data-writing-block:pt-(--shadow-height) [&amp;:has([data-writing-block])&gt;*]:pointer-events-auto scroll-mt-[calc(var(--header-height)+min(200px,max(70px,20svh)))]\" dir=\"auto\" tabindex=\"-1\" data-turn-id=\"request-6962a9ba-3010-8327-9ed0-9dbd2d1e06e2-0\" data-testid=\"conversation-turn-12\" data-scroll-anchor=\"true\" data-turn=\"assistant\">\n<div class=\"text-base my-auto mx-auto pb-10 [--thread-content-margin:--spacing(4)] @w-sm\/main:[--thread-content-margin:--spacing(6)] @w-lg\/main:[--thread-content-margin:--spacing(16)] px-(--thread-content-margin)\">\n<div class=\"[--thread-content-max-width:40rem] @w-lg\/main:[--thread-content-max-width:48rem] mx-auto max-w-(--thread-content-max-width) flex-1 group\/turn-messages focus-visible:outline-hidden relative flex w-full min-w-0 flex-col agent-turn\" tabindex=\"-1\">\n<div class=\"flex max-w-full flex-col grow\">\n<div class=\"min-h-8 text-message relative flex w-full flex-col items-end gap-2 text-start break-words whitespace-normal [.text-message+&amp;]:mt-1\" dir=\"auto\" data-message-author-role=\"assistant\" data-message-id=\"ffe4c3f3-616a-41bd-ab37-57978363418f\" data-message-model-slug=\"gpt-5-2\">\n<div class=\"flex w-full flex-col gap-1 empty:hidden first:pt-[1px]\">\n<div class=\"markdown prose dark:prose-invert w-full break-words light markdown-new-styling\">\n<p class=\"p1\">Melanotan II (MT2) es un p\u00e9ptido de investigaci\u00f3n estudiado por su interacci\u00f3n con el sistema melanocort\u00ednico, el cual est\u00e1 involucrado en la pigmentaci\u00f3n de la piel y la regulaci\u00f3n del apetito. Se investiga principalmente por su papel en la producci\u00f3n de melanina y por ayudar a los cient\u00edficos a comprender mejor las v\u00edas de saciedad y equilibrio energ\u00e9tico.<\/p>\n<ul>\n<li>\n<p class=\"p1\">Apoya la investigaci\u00f3n sobre la pigmentaci\u00f3n de la piel<\/p>\n<\/li>\n<li>\n<p class=\"p1\">Involucrado en la se\u00f1alizaci\u00f3n del apetito y la saciedad<\/p>\n<\/li>\n<li>\n<p class=\"p1\">P\u00e9ptido de investigaci\u00f3n de acci\u00f3n prolongada<\/p>\n<\/li>\n<\/ul>\n<p>&nbsp;<\/p>\n<p class=\"p1\"><span class=\"s2\"><b>Forma:<\/b><\/span> polvo liofilizado<\/p>\n<p class=\"p4\"><b>Contenido:<\/b><span class=\"s3\"> 10 mg<\/span><\/p>\n<p class=\"p1\"><span class=\"s2\"><b>Uso:<\/b><\/span> solo para fines de investigaci\u00f3n.<\/p>\n<\/div>\n<\/div>\n<\/div>\n<\/div>\n<div class=\"mt-3 w-full empty:hidden\">\n<div class=\"text-center\"><\/div>\n<\/div>\n<\/div>\n<\/div>\n<\/article>\n<\/div>\n<div class=\"pointer-events-none h-px w-px absolute bottom-0\" aria-hidden=\"true\" data-edge=\"true\"><\/div>\n","protected":false},"featured_media":2084,"comment_status":"open","ping_status":"closed","template":"","meta":{"_acf_changed":false,"inline_featured_image":false},"product_brand":[],"product_cat":[89],"product_tag":[],"class_list":{"0":"post-2083","1":"product","2":"type-product","3":"status-publish","4":"has-post-thumbnail","6":"product_cat-beauty","8":"first","9":"instock","10":"shipping-taxable","11":"purchasable","12":"product-type-simple"},"acf":[],"_links":{"self":[{"href":"https:\/\/peptilife.co\/es\/wp-json\/wp\/v2\/product\/2083","targetHints":{"allow":["GET"]}}],"collection":[{"href":"https:\/\/peptilife.co\/es\/wp-json\/wp\/v2\/product"}],"about":[{"href":"https:\/\/peptilife.co\/es\/wp-json\/wp\/v2\/types\/product"}],"replies":[{"embeddable":true,"href":"https:\/\/peptilife.co\/es\/wp-json\/wp\/v2\/comments?post=2083"}],"wp:featuredmedia":[{"embeddable":true,"href":"https:\/\/peptilife.co\/es\/wp-json\/wp\/v2\/media\/2084"}],"wp:attachment":[{"href":"https:\/\/peptilife.co\/es\/wp-json\/wp\/v2\/media?parent=2083"}],"wp:term":[{"taxonomy":"product_brand","embeddable":true,"href":"https:\/\/peptilife.co\/es\/wp-json\/wp\/v2\/product_brand?post=2083"},{"taxonomy":"product_cat","embeddable":true,"href":"https:\/\/peptilife.co\/es\/wp-json\/wp\/v2\/product_cat?post=2083"},{"taxonomy":"product_tag","embeddable":true,"href":"https:\/\/peptilife.co\/es\/wp-json\/wp\/v2\/product_tag?post=2083"}],"curies":[{"name":"wp","href":"https:\/\/api.w.org\/{rel}","templated":true}]}}