{"id":1930,"date":"2025-10-12T13:32:49","date_gmt":"2025-10-12T13:32:49","guid":{"rendered":"https:\/\/peptilife.co\/?post_type=product&#038;p=1930"},"modified":"2026-04-23T13:55:59","modified_gmt":"2026-04-23T13:55:59","slug":"cjc-1295-no-dac-10-mg","status":"publish","type":"product","link":"https:\/\/peptilife.co\/es\/producto\/cjc-1295-no-dac-10-mg\/","title":{"rendered":"CJC-1295 No DAC | 10 mg"},"content":{"rendered":"<p class=\"p1\">CJC-1295 No DAC es un an\u00e1logo sint\u00e9tico de la hormona liberadora de la hormona del crecimiento (GHRH) que promueve la secreci\u00f3n natural de la hormona del crecimiento (GH) sin los efectos de uni\u00f3n prolongada de la variante con DAC. Su vida media corta permite pulsos de GH m\u00e1s controlados, imitando de forma m\u00e1s precisa el ritmo fisiol\u00f3gico del cuerpo.<\/p>\n<p class=\"p1\">Se ha demostrado que CJC-1295 No DAC:<\/p>\n<p class=\"p1\">\u2022 Potencia la producci\u00f3n natural de GH e IGF-1 para mejorar la recuperaci\u00f3n y el rendimiento.<\/p>\n<p class=\"p1\">\u2022 Apoya la p\u00e9rdida de grasa y el mantenimiento de masa muscular magra.<\/p>\n<p class=\"p1\">\u2022 Favorece un mejor sue\u00f1o y mayores niveles de energ\u00eda mediante una liberaci\u00f3n equilibrada de GH.<\/p>\n<p class=\"p1\">\u2022 Mejora el tono de la piel y la reparaci\u00f3n celular con un uso constante.<\/p>\n<p class=\"p1\">Es ideal para investigaciones sobre la estimulaci\u00f3n de GH de acci\u00f3n corta, ya que ofrece una forma din\u00e1mica y precisa de estudiar la modulaci\u00f3n hormonal natural.<\/p>\n","protected":false},"excerpt":{"rendered":"<p class=\"p1\">CJC-1295 No DAC estimula la liberaci\u00f3n natural de GH, apoyando la recuperaci\u00f3n muscular, el metabolismo de las grasas y un sue\u00f1o reparador.<\/p>\n","protected":false},"featured_media":1931,"comment_status":"open","ping_status":"closed","template":"","meta":{"_acf_changed":false,"inline_featured_image":false},"product_brand":[],"product_cat":[88],"product_tag":[],"class_list":{"0":"post-1930","1":"product","2":"type-product","3":"status-publish","4":"has-post-thumbnail","6":"product_cat-fuerza-musculo-recuperacion","8":"first","9":"instock","10":"shipping-taxable","11":"purchasable","12":"product-type-simple"},"acf":[],"_links":{"self":[{"href":"https:\/\/peptilife.co\/es\/wp-json\/wp\/v2\/product\/1930","targetHints":{"allow":["GET"]}}],"collection":[{"href":"https:\/\/peptilife.co\/es\/wp-json\/wp\/v2\/product"}],"about":[{"href":"https:\/\/peptilife.co\/es\/wp-json\/wp\/v2\/types\/product"}],"replies":[{"embeddable":true,"href":"https:\/\/peptilife.co\/es\/wp-json\/wp\/v2\/comments?post=1930"}],"wp:featuredmedia":[{"embeddable":true,"href":"https:\/\/peptilife.co\/es\/wp-json\/wp\/v2\/media\/1931"}],"wp:attachment":[{"href":"https:\/\/peptilife.co\/es\/wp-json\/wp\/v2\/media?parent=1930"}],"wp:term":[{"taxonomy":"product_brand","embeddable":true,"href":"https:\/\/peptilife.co\/es\/wp-json\/wp\/v2\/product_brand?post=1930"},{"taxonomy":"product_cat","embeddable":true,"href":"https:\/\/peptilife.co\/es\/wp-json\/wp\/v2\/product_cat?post=1930"},{"taxonomy":"product_tag","embeddable":true,"href":"https:\/\/peptilife.co\/es\/wp-json\/wp\/v2\/product_tag?post=1930"}],"curies":[{"name":"wp","href":"https:\/\/api.w.org\/{rel}","templated":true}]}}