{"id":1927,"date":"2025-10-12T13:31:37","date_gmt":"2025-10-12T13:31:37","guid":{"rendered":"https:\/\/peptilife.co\/?post_type=product&#038;p=1927"},"modified":"2026-04-23T13:56:00","modified_gmt":"2026-04-23T13:56:00","slug":"tb-500-10-mg","status":"publish","type":"product","link":"https:\/\/peptilife.co\/es\/producto\/tb-500-10-mg\/","title":{"rendered":"TB-500 | 10 mg"},"content":{"rendered":"<p class=\"p1\">TB-500 (Timosina Beta-4) es una versi\u00f3n sint\u00e9tica de un p\u00e9ptido natural presente en casi todas las c\u00e9lulas humanas y animales, reconocido por sus potentes propiedades regenerativas y de reparaci\u00f3n. Desempe\u00f1a un papel central en la reparaci\u00f3n de tejidos al regular la actina, una prote\u00edna fundamental para la estructura y el movimiento celular.<\/p>\n<p class=\"p1\">TB-500 es altamente valorado por su capacidad para:<\/p>\n<p class=\"p1\">\u2022 Acelerar la curaci\u00f3n de heridas y lesiones: apoya la recuperaci\u00f3n de m\u00fasculos, tendones, ligamentos y articulaciones.<\/p>\n<p class=\"p1\">\u2022 Promover la angiog\u00e9nesis: estimula la formaci\u00f3n de nuevos vasos sangu\u00edneos, mejorando la circulaci\u00f3n y el aporte de nutrientes.<\/p>\n<p class=\"p1\">\u2022 Reducir la inflamaci\u00f3n: ayuda a disminuir la inflamaci\u00f3n cr\u00f3nica, favoreciendo la movilidad y la flexibilidad.<\/p>\n<p class=\"p1\">\u2022 Mejorar el rendimiento y la recuperaci\u00f3n: facilita una recuperaci\u00f3n m\u00e1s r\u00e1pida tras el esfuerzo f\u00edsico o una lesi\u00f3n.<\/p>\n<p class=\"p1\">Al fomentar una regeneraci\u00f3n tisular r\u00e1pida y reducir los tiempos de recuperaci\u00f3n, TB-500 se ha convertido en uno de los p\u00e9ptidos m\u00e1s eficaces para atletas, personas activas y protocolos regenerativos.<\/p>\n","protected":false},"excerpt":{"rendered":"<p class=\"p1\">TB-500 es un p\u00e9ptido regenerativo que acelera la curaci\u00f3n, reduce la inflamaci\u00f3n y apoya la reparaci\u00f3n de tejidos para una recuperaci\u00f3n m\u00e1s r\u00e1pida.<\/p>\n","protected":false},"featured_media":1929,"comment_status":"open","ping_status":"closed","template":"","meta":{"_acf_changed":false,"inline_featured_image":false},"product_brand":[],"product_cat":[88],"product_tag":[],"class_list":{"0":"post-1927","1":"product","2":"type-product","3":"status-publish","4":"has-post-thumbnail","6":"product_cat-fuerza-musculo-recuperacion","8":"first","9":"instock","10":"shipping-taxable","11":"purchasable","12":"product-type-simple"},"acf":[],"_links":{"self":[{"href":"https:\/\/peptilife.co\/es\/wp-json\/wp\/v2\/product\/1927","targetHints":{"allow":["GET"]}}],"collection":[{"href":"https:\/\/peptilife.co\/es\/wp-json\/wp\/v2\/product"}],"about":[{"href":"https:\/\/peptilife.co\/es\/wp-json\/wp\/v2\/types\/product"}],"replies":[{"embeddable":true,"href":"https:\/\/peptilife.co\/es\/wp-json\/wp\/v2\/comments?post=1927"}],"wp:featuredmedia":[{"embeddable":true,"href":"https:\/\/peptilife.co\/es\/wp-json\/wp\/v2\/media\/1929"}],"wp:attachment":[{"href":"https:\/\/peptilife.co\/es\/wp-json\/wp\/v2\/media?parent=1927"}],"wp:term":[{"taxonomy":"product_brand","embeddable":true,"href":"https:\/\/peptilife.co\/es\/wp-json\/wp\/v2\/product_brand?post=1927"},{"taxonomy":"product_cat","embeddable":true,"href":"https:\/\/peptilife.co\/es\/wp-json\/wp\/v2\/product_cat?post=1927"},{"taxonomy":"product_tag","embeddable":true,"href":"https:\/\/peptilife.co\/es\/wp-json\/wp\/v2\/product_tag?post=1927"}],"curies":[{"name":"wp","href":"https:\/\/api.w.org\/{rel}","templated":true}]}}