{"id":1920,"date":"2025-10-12T13:26:40","date_gmt":"2025-10-12T13:26:40","guid":{"rendered":"https:\/\/peptilife.co\/?post_type=product&#038;p=1920"},"modified":"2026-04-23T13:56:03","modified_gmt":"2026-04-23T13:56:03","slug":"aod-9604-10-mg","status":"publish","type":"product","link":"https:\/\/peptilife.co\/es\/producto\/aod-9604-10-mg\/","title":{"rendered":"AOD-9604 | 10 mg"},"content":{"rendered":"<p class=\"p1\"><b>AOD-9604 (Advanced Obesity Drug)<\/b><span class=\"s1\"> es un fragmento modificado de la <\/span><b>hormona de crecimiento humana (HGH)<\/b><span class=\"s1\">desarrollado para <\/span><b>actuar espec\u00edficamente sobre el metabolismo de las grasas<\/b><span class=\"s1\"> sin afectar el az\u00facar en sangre ni la actividad de crecimiento. Promueve la <\/span><b>lip\u00f3lisis (descomposici\u00f3n de la grasa)<\/b><span class=\"s1\"> mientras inhibe la <\/span><b>lipog\u00e9nesis (formaci\u00f3n de nuevas c\u00e9lulas grasas)<\/b><span class=\"s1\">, lo que lo convierte en una herramienta potente para la <\/span><b>investigaci\u00f3n en manejo del peso<\/b><span class=\"s1\">.<\/span><\/p>\n<p class=\"p3\">Se ha demostrado que <span class=\"s2\"><b>AOD-9604<\/b><\/span> puede:<\/p>\n<p class=\"p1\"><span class=\"s1\">\u2022 <\/span><b>Estimular los mecanismos naturales de quema de grasa del cuerpo.<\/b><b><\/b><\/p>\n<p class=\"p1\"><span class=\"s1\">\u2022 <\/span><b>Apoyar el equilibrio metab\u00f3lico y la utilizaci\u00f3n de energ\u00eda.<\/b><b><\/b><\/p>\n<p class=\"p1\"><span class=\"s1\">\u2022 <\/span><b>Ayudar a reducir la grasa abdominal y los dep\u00f3sitos de grasa persistentes.<\/b><b><\/b><\/p>\n<p class=\"p1\"><span class=\"s1\">\u2022 <\/span><b>Mantener la masa muscular magra durante la restricci\u00f3n cal\u00f3rica.<\/b><b><\/b><\/p>\n<p class=\"p1\"><span class=\"s1\">Gracias a su <\/span><b>acci\u00f3n selectiva sobre el metabolismo de la grasa<\/b><span class=\"s1\">, <\/span><b>AOD-9604<\/b><span class=\"s1\"> es reconocido por apoyar <\/span><b>protocolos eficientes y espec\u00edficos de manejo del peso<\/b><span class=\"s1\">.<\/span><\/p>\n","protected":false},"excerpt":{"rendered":"<p class=\"p1\"><b>AOD-9604<\/b><span class=\"s1\"> mejora el <\/span><b>metabolismo de las grasas<\/b><span class=\"s1\">, apoyando el <\/span><b>control del peso y una mejor composici\u00f3n corporal<\/b><span class=\"s1\">.<\/span><\/p>\n","protected":false},"featured_media":1921,"comment_status":"open","ping_status":"closed","template":"","meta":{"_acf_changed":false,"inline_featured_image":false},"product_brand":[],"product_cat":[87],"product_tag":[],"class_list":{"0":"post-1920","1":"product","2":"type-product","3":"status-publish","4":"has-post-thumbnail","6":"product_cat-weight","8":"first","9":"instock","10":"shipping-taxable","11":"purchasable","12":"product-type-simple"},"acf":[],"_links":{"self":[{"href":"https:\/\/peptilife.co\/es\/wp-json\/wp\/v2\/product\/1920","targetHints":{"allow":["GET"]}}],"collection":[{"href":"https:\/\/peptilife.co\/es\/wp-json\/wp\/v2\/product"}],"about":[{"href":"https:\/\/peptilife.co\/es\/wp-json\/wp\/v2\/types\/product"}],"replies":[{"embeddable":true,"href":"https:\/\/peptilife.co\/es\/wp-json\/wp\/v2\/comments?post=1920"}],"wp:featuredmedia":[{"embeddable":true,"href":"https:\/\/peptilife.co\/es\/wp-json\/wp\/v2\/media\/1921"}],"wp:attachment":[{"href":"https:\/\/peptilife.co\/es\/wp-json\/wp\/v2\/media?parent=1920"}],"wp:term":[{"taxonomy":"product_brand","embeddable":true,"href":"https:\/\/peptilife.co\/es\/wp-json\/wp\/v2\/product_brand?post=1920"},{"taxonomy":"product_cat","embeddable":true,"href":"https:\/\/peptilife.co\/es\/wp-json\/wp\/v2\/product_cat?post=1920"},{"taxonomy":"product_tag","embeddable":true,"href":"https:\/\/peptilife.co\/es\/wp-json\/wp\/v2\/product_tag?post=1920"}],"curies":[{"name":"wp","href":"https:\/\/api.w.org\/{rel}","templated":true}]}}