{"id":1918,"date":"2025-10-12T13:24:52","date_gmt":"2025-10-12T13:24:52","guid":{"rendered":"https:\/\/peptilife.co\/?post_type=product&#038;p=1918"},"modified":"2026-04-23T13:56:04","modified_gmt":"2026-04-23T13:56:04","slug":"ghrp-6-10-mg","status":"publish","type":"product","link":"https:\/\/peptilife.co\/es\/producto\/ghrp-6-10-mg\/","title":{"rendered":"GHRP-6 | 10 mg"},"content":{"rendered":"<p class=\"p1\"><span class=\"s1\"><b>GHRP-6 (Growth Hormone Releasing Peptide-6)<\/b><\/span> es un hexap\u00e9ptido potente que estimula la <span class=\"s1\"><b>secreci\u00f3n natural de la hormona de crecimiento (GH)<\/b><\/span> al actuar sobre el <span class=\"s1\"><b>receptor de grelina<\/b><\/span>. Su actividad promueve el <span class=\"s1\"><b>crecimiento anab\u00f3lico<\/b><\/span>, mejora el metabolismo y apoya la recuperaci\u00f3n del estr\u00e9s f\u00edsico.<\/p>\n<p class=\"p3\"><b>Beneficios potenciales clave:<\/b><b><\/b><\/p>\n<p class=\"p1\">\u2022 Aumentar los <span class=\"s1\"><b>niveles naturales de GH<\/b><\/span> para promover el desarrollo y la reparaci\u00f3n muscular.<\/p>\n<p class=\"p1\">\u2022 <span class=\"s1\"><b>Estimular el apetito<\/b><\/span> y ayudar en la absorci\u00f3n de nutrientes.<\/p>\n<p class=\"p1\">\u2022 Apoyar el <span class=\"s1\"><b>metabolismo de las grasas<\/b><\/span> y mejorar la composici\u00f3n corporal.<\/p>\n<p class=\"p3\"><span class=\"s2\">\u2022 Mejorar los <\/span><b>niveles de energ\u00eda, la calidad del sue\u00f1o y la recuperaci\u00f3n general<\/b><span class=\"s2\">.<\/span><\/p>\n<p class=\"p3\"><span class=\"s2\">Ampliamente estudiado por sus <\/span><b>propiedades regenerativas y anab\u00f3licas<\/b><span class=\"s2\">, <\/span><b>GHRP-6<\/b><span class=\"s2\"> sigue siendo una herramienta valiosa en la <\/span><b>investigaci\u00f3n sobre salud metab\u00f3lica y reparaci\u00f3n de tejidos<\/b><span class=\"s2\">.<\/span><\/p>\n","protected":false},"excerpt":{"rendered":"<p class=\"p1\"><b>GHRP-6<\/b><span class=\"s1\"> estimula la <\/span><b>liberaci\u00f3n natural de la hormona de crecimiento<\/b><span class=\"s1\">, apoyando el <\/span><b>crecimiento muscular, la recuperaci\u00f3n y un mejor metabolismo<\/b><span class=\"s1\">.<\/span><\/p>\n","protected":false},"featured_media":1919,"comment_status":"open","ping_status":"closed","template":"","meta":{"_acf_changed":false,"inline_featured_image":false},"product_brand":[],"product_cat":[88],"product_tag":[],"class_list":{"0":"post-1918","1":"product","2":"type-product","3":"status-publish","4":"has-post-thumbnail","6":"product_cat-fuerza-musculo-recuperacion","8":"first","9":"instock","10":"shipping-taxable","11":"purchasable","12":"product-type-simple"},"acf":[],"_links":{"self":[{"href":"https:\/\/peptilife.co\/es\/wp-json\/wp\/v2\/product\/1918","targetHints":{"allow":["GET"]}}],"collection":[{"href":"https:\/\/peptilife.co\/es\/wp-json\/wp\/v2\/product"}],"about":[{"href":"https:\/\/peptilife.co\/es\/wp-json\/wp\/v2\/types\/product"}],"replies":[{"embeddable":true,"href":"https:\/\/peptilife.co\/es\/wp-json\/wp\/v2\/comments?post=1918"}],"wp:featuredmedia":[{"embeddable":true,"href":"https:\/\/peptilife.co\/es\/wp-json\/wp\/v2\/media\/1919"}],"wp:attachment":[{"href":"https:\/\/peptilife.co\/es\/wp-json\/wp\/v2\/media?parent=1918"}],"wp:term":[{"taxonomy":"product_brand","embeddable":true,"href":"https:\/\/peptilife.co\/es\/wp-json\/wp\/v2\/product_brand?post=1918"},{"taxonomy":"product_cat","embeddable":true,"href":"https:\/\/peptilife.co\/es\/wp-json\/wp\/v2\/product_cat?post=1918"},{"taxonomy":"product_tag","embeddable":true,"href":"https:\/\/peptilife.co\/es\/wp-json\/wp\/v2\/product_tag?post=1918"}],"curies":[{"name":"wp","href":"https:\/\/api.w.org\/{rel}","templated":true}]}}