{"id":1858,"date":"2025-10-02T16:27:37","date_gmt":"2025-10-02T16:27:37","guid":{"rendered":"https:\/\/peptilife.co\/?post_type=product&#038;p=1858"},"modified":"2026-04-28T17:46:56","modified_gmt":"2026-04-28T17:46:56","slug":"bacteriostatic-water-30-ml","status":"publish","type":"product","link":"https:\/\/peptilife.co\/es\/producto\/bacteriostatic-water-30-ml\/","title":{"rendered":"Hospira Agua bacteriost\u00e1tica | 30 ml"},"content":{"rendered":"<p class=\"p1\"><span class=\"s1\">El <\/span><b>agua bacteriost\u00e1tica<\/b><span class=\"s1\"> es una soluci\u00f3n de <\/span><b>agua est\u00e9ril y no pirog\u00e9nica<\/b><span class=\"s1\"> que contiene una peque\u00f1a cantidad de <\/span><b>alcohol benc\u00edlico (0,9%)<\/b><span class=\"s1\"> para prevenir el crecimiento bacteriano. Se utiliza com\u00fanmente como <\/span><b>diluyente para reconstituir p\u00e9ptidos y medicamentos antes de su inyecci\u00f3n<\/b><span class=\"s1\">.<\/span><\/p>\n<p class=\"p1\"><b>Caracter\u00edsticas y beneficios principales:<\/b><b><\/b><\/p>\n<p class=\"p3\">\u2022 <span class=\"s2\"><b>Preparaci\u00f3n est\u00e9ril:<\/b><\/span> garantiza una mezcla segura de p\u00e9ptidos y compuestos.<\/p>\n<p class=\"p3\">\u2022 <span class=\"s2\"><b>Uso prolongado:<\/b><\/span> el agente bacteriost\u00e1tico permite el uso de m\u00faltiples dosis del mismo vial durante <span class=\"s2\"><b>hasta 28 d\u00edas despu\u00e9s de abierto<\/b><\/span>.<\/p>\n<p class=\"p3\">\u2022 <span class=\"s2\"><b>Precisi\u00f3n y estabilidad:<\/b><\/span> proporciona un medio confiable para disolver p\u00e9ptidos mientras mantiene su integridad.<\/p>\n<p class=\"p1\"><span class=\"s1\">\u2022 <\/span><b>Versatilidad:<\/b><span class=\"s1\"> adecuado para utilizarse con una amplia variedad de <\/span><b>terapias con p\u00e9ptidos y medicamentos inyectables<\/b><span class=\"s1\">.<\/span><\/p>\n<p class=\"p1\"><span class=\"s1\">El <\/span><b>agua bacteriost\u00e1tica<\/b><span class=\"s1\"> es un complemento esencial en protocolos con p\u00e9ptidos, ya que garantiza <\/span><b>seguridad y comodidad en la preparaci\u00f3n y administraci\u00f3n de productos que requieren reconstituci\u00f3n<\/b><span class=\"s1\">.<\/span><\/p>\n","protected":false},"excerpt":{"rendered":"<p class=\"p1\"><span class=\"s1\">El <\/span><b>agua bacteriost\u00e1tica<\/b><span class=\"s1\"> es un <\/span><b>diluyente est\u00e9ril<\/b><span class=\"s1\"> utilizado para <\/span><b>reconstituir de forma segura p\u00e9ptidos y medicamentos inyectables<\/b><span class=\"s1\">.<\/span><\/p>\n","protected":false},"featured_media":1906,"comment_status":"open","ping_status":"closed","template":"","meta":{"_acf_changed":false,"inline_featured_image":false},"product_brand":[],"product_cat":[91],"product_tag":[],"class_list":{"0":"post-1858","1":"product","2":"type-product","3":"status-publish","4":"has-post-thumbnail","6":"product_cat-complements","8":"first","9":"outofstock","10":"shipping-taxable","11":"purchasable","12":"product-type-simple"},"acf":[],"_links":{"self":[{"href":"https:\/\/peptilife.co\/es\/wp-json\/wp\/v2\/product\/1858","targetHints":{"allow":["GET"]}}],"collection":[{"href":"https:\/\/peptilife.co\/es\/wp-json\/wp\/v2\/product"}],"about":[{"href":"https:\/\/peptilife.co\/es\/wp-json\/wp\/v2\/types\/product"}],"replies":[{"embeddable":true,"href":"https:\/\/peptilife.co\/es\/wp-json\/wp\/v2\/comments?post=1858"}],"wp:featuredmedia":[{"embeddable":true,"href":"https:\/\/peptilife.co\/es\/wp-json\/wp\/v2\/media\/1906"}],"wp:attachment":[{"href":"https:\/\/peptilife.co\/es\/wp-json\/wp\/v2\/media?parent=1858"}],"wp:term":[{"taxonomy":"product_brand","embeddable":true,"href":"https:\/\/peptilife.co\/es\/wp-json\/wp\/v2\/product_brand?post=1858"},{"taxonomy":"product_cat","embeddable":true,"href":"https:\/\/peptilife.co\/es\/wp-json\/wp\/v2\/product_cat?post=1858"},{"taxonomy":"product_tag","embeddable":true,"href":"https:\/\/peptilife.co\/es\/wp-json\/wp\/v2\/product_tag?post=1858"}],"curies":[{"name":"wp","href":"https:\/\/api.w.org\/{rel}","templated":true}]}}