{"id":1857,"date":"2025-10-02T16:26:43","date_gmt":"2025-10-02T16:26:43","guid":{"rendered":"https:\/\/peptilife.co\/?post_type=product&#038;p=1857"},"modified":"2026-04-23T13:56:11","modified_gmt":"2026-04-23T13:56:11","slug":"slu-pp-332-5-mg","status":"publish","type":"product","link":"https:\/\/peptilife.co\/es\/producto\/slu-pp-332-5-mg\/","title":{"rendered":"SLU-PP-332 | 5 mg"},"content":{"rendered":"<p class=\"p1\"><b>SLU-PP-332<\/b><span class=\"s1\"> es una formulaci\u00f3n pept\u00eddica innovadora desarrollada para <\/span><b>apoyar el equilibrio metab\u00f3lico, la regulaci\u00f3n de la energ\u00eda y la vitalidad celular general<\/b><span class=\"s1\">. Su mecanismo de acci\u00f3n act\u00faa sobre v\u00edas asociadas con el <\/span><b>metabolismo de las grasas, la regulaci\u00f3n del apetito y el rendimiento mitocondrial<\/b><span class=\"s1\">, lo que lo convierte en una herramienta prometedora en <\/span><b>protocolos de manejo del peso y bienestar<\/b><span class=\"s1\">.<\/span><\/p>\n<p class=\"p1\"><b>Beneficios clave de SLU-PP-332:<\/b><b><\/b><\/p>\n<p class=\"p3\">\u2022 <span class=\"s2\"><b>Mayor eficiencia metab\u00f3lica:<\/b><\/span> apoya la utilizaci\u00f3n de la glucosa y la oxidaci\u00f3n de grasas.<\/p>\n<p class=\"p3\">\u2022 <span class=\"s2\"><b>Energ\u00eda y vitalidad:<\/b><\/span> mejora la funci\u00f3n mitocondrial para un rendimiento sostenido durante el d\u00eda.<\/p>\n<p class=\"p3\">\u2022 <span class=\"s2\"><b>Manejo del peso:<\/b><\/span> ayuda a controlar el apetito y promueve una composici\u00f3n corporal m\u00e1s saludable.<\/p>\n<p class=\"p3\">\u2022 <span class=\"s2\"><b>Protecci\u00f3n celular:<\/b><\/span> contribuye a la resiliencia frente al estr\u00e9s oxidativo y al deterioro relacionado con la edad.<\/p>\n<p class=\"p1\"><span class=\"s1\">Debido a sus amplios efectos sobre el <\/span><b>metabolismo y la salud celular<\/b><span class=\"s1\">, <\/span><b>SLU-PP-332<\/b><span class=\"s1\"> est\u00e1 ganando reconocimiento como un <\/span><b>p\u00e9ptido de nueva generaci\u00f3n para optimizar la energ\u00eda, favorecer la p\u00e9rdida de grasa y apoyar la longevidad<\/b><span class=\"s1\">.<\/span><\/p>\n","protected":false},"excerpt":{"rendered":"<p class=\"p1\"><b>SLUPP-332<\/b><span class=\"s1\"> es un p\u00e9ptido de vanguardia que <\/span><b>acelera el metabolismo, apoya la p\u00e9rdida de grasa y mejora la energ\u00eda y la vitalidad<\/b><span class=\"s1\">.<\/span><\/p>\n","protected":false},"featured_media":2095,"comment_status":"open","ping_status":"closed","template":"","meta":{"_acf_changed":false,"inline_featured_image":false},"product_brand":[],"product_cat":[90],"product_tag":[],"class_list":{"0":"post-1857","1":"product","2":"type-product","3":"status-publish","4":"has-post-thumbnail","6":"product_cat-energy","8":"first","9":"instock","10":"shipping-taxable","11":"purchasable","12":"product-type-simple"},"acf":[],"_links":{"self":[{"href":"https:\/\/peptilife.co\/es\/wp-json\/wp\/v2\/product\/1857","targetHints":{"allow":["GET"]}}],"collection":[{"href":"https:\/\/peptilife.co\/es\/wp-json\/wp\/v2\/product"}],"about":[{"href":"https:\/\/peptilife.co\/es\/wp-json\/wp\/v2\/types\/product"}],"replies":[{"embeddable":true,"href":"https:\/\/peptilife.co\/es\/wp-json\/wp\/v2\/comments?post=1857"}],"wp:featuredmedia":[{"embeddable":true,"href":"https:\/\/peptilife.co\/es\/wp-json\/wp\/v2\/media\/2095"}],"wp:attachment":[{"href":"https:\/\/peptilife.co\/es\/wp-json\/wp\/v2\/media?parent=1857"}],"wp:term":[{"taxonomy":"product_brand","embeddable":true,"href":"https:\/\/peptilife.co\/es\/wp-json\/wp\/v2\/product_brand?post=1857"},{"taxonomy":"product_cat","embeddable":true,"href":"https:\/\/peptilife.co\/es\/wp-json\/wp\/v2\/product_cat?post=1857"},{"taxonomy":"product_tag","embeddable":true,"href":"https:\/\/peptilife.co\/es\/wp-json\/wp\/v2\/product_tag?post=1857"}],"curies":[{"name":"wp","href":"https:\/\/api.w.org\/{rel}","templated":true}]}}