{"id":1856,"date":"2025-10-02T16:25:26","date_gmt":"2025-10-02T16:25:26","guid":{"rendered":"https:\/\/peptilife.co\/?post_type=product&#038;p=1856"},"modified":"2026-04-23T13:56:12","modified_gmt":"2026-04-23T13:56:12","slug":"ss-31-elamipretide-10-mg","status":"publish","type":"product","link":"https:\/\/peptilife.co\/es\/producto\/ss-31-elamipretide-10-mg\/","title":{"rendered":"SS-31 (Elamipretide) | 10 mg"},"content":{"rendered":"<p class=\"p1\"><span class=\"s1\"><b>SS-31 (Elamipretide)<\/b><\/span> es un p\u00e9ptido dirigido a las mitocondrias dise\u00f1ado espec\u00edficamente para <span class=\"s1\"><b>proteger y restaurar la funci\u00f3n mitocondrial<\/b><\/span>, la fuente principal de energ\u00eda de la c\u00e9lula. Al unirse a la <span class=\"s1\"><b>cardiolipina<\/b><\/span>, un l\u00edpido \u00fanico de la membrana mitocondrial interna, <span class=\"s1\"><b>SS-31<\/b><\/span> ayuda a <span class=\"s1\"><b>estabilizar y optimizar la producci\u00f3n de energ\u00eda<\/b><\/span> mientras reduce el da\u00f1o oxidativo.<\/p>\n<p class=\"p3\"><b>Beneficios clave de SS-31:<\/b><b><\/b><\/p>\n<p class=\"p1\">\u2022 <span class=\"s1\"><b>Protecci\u00f3n mitocondrial:<\/b><\/span> protege las c\u00e9lulas del estr\u00e9s oxidativo y apoya una generaci\u00f3n eficiente de energ\u00eda.<\/p>\n<p class=\"p1\">\u2022 <span class=\"s1\"><b>Mejor resistencia y fuerza:<\/b><\/span> mejora la funci\u00f3n muscular y el rendimiento f\u00edsico.<\/p>\n<p class=\"p1\">\u2022 <span class=\"s1\"><b>Apoyo antienvejecimiento:<\/b><\/span> promueve una funci\u00f3n celular m\u00e1s saludable, contribuyendo a la longevidad y vitalidad.<\/p>\n<p class=\"p1\">\u2022 <span class=\"s1\"><b>Salud de \u00f3rganos:<\/b><\/span> muestra potencial para proteger el <span class=\"s1\"><b>coraz\u00f3n, los ri\u00f1ones y el sistema nervioso<\/b><\/span> frente al deterioro relacionado con la edad.<\/p>\n<p class=\"p3\"><span class=\"s2\">Gracias a su <\/span><b>mecanismo de acci\u00f3n espec\u00edfico<\/b><span class=\"s2\">, <\/span><b>SS-31<\/b><span class=\"s2\"> es altamente valorado en <\/span><b>protocolos regenerativos y de longevidad<\/b><span class=\"s2\">, ofreciendo una forma directa de <\/span><b>restaurar la energ\u00eda, la resiliencia y la salud celular a nivel mitocondrial<\/b><span class=\"s2\">.<\/span><\/p>\n","protected":false},"excerpt":{"rendered":"<p class=\"p1\"><b>SS-31 (Elamipretide)<\/b><span class=\"s1\"> es un p\u00e9ptido que <\/span><b>protege las mitocondrias<\/b><span class=\"s1\">, aumenta la <\/span><b>energ\u00eda<\/b><span class=\"s1\">, reduce el <\/span><b>estr\u00e9s oxidativo<\/b><span class=\"s1\"> y apoya un <\/span><b>envejecimiento saludable<\/b><span class=\"s1\">.<\/span><\/p>\n","protected":false},"featured_media":1897,"comment_status":"open","ping_status":"closed","template":"","meta":{"_acf_changed":false,"inline_featured_image":false},"product_brand":[],"product_cat":[90],"product_tag":[],"class_list":{"0":"post-1856","1":"product","2":"type-product","3":"status-publish","4":"has-post-thumbnail","6":"product_cat-energy","8":"first","9":"instock","10":"shipping-taxable","11":"purchasable","12":"product-type-simple"},"acf":[],"_links":{"self":[{"href":"https:\/\/peptilife.co\/es\/wp-json\/wp\/v2\/product\/1856","targetHints":{"allow":["GET"]}}],"collection":[{"href":"https:\/\/peptilife.co\/es\/wp-json\/wp\/v2\/product"}],"about":[{"href":"https:\/\/peptilife.co\/es\/wp-json\/wp\/v2\/types\/product"}],"replies":[{"embeddable":true,"href":"https:\/\/peptilife.co\/es\/wp-json\/wp\/v2\/comments?post=1856"}],"wp:featuredmedia":[{"embeddable":true,"href":"https:\/\/peptilife.co\/es\/wp-json\/wp\/v2\/media\/1897"}],"wp:attachment":[{"href":"https:\/\/peptilife.co\/es\/wp-json\/wp\/v2\/media?parent=1856"}],"wp:term":[{"taxonomy":"product_brand","embeddable":true,"href":"https:\/\/peptilife.co\/es\/wp-json\/wp\/v2\/product_brand?post=1856"},{"taxonomy":"product_cat","embeddable":true,"href":"https:\/\/peptilife.co\/es\/wp-json\/wp\/v2\/product_cat?post=1856"},{"taxonomy":"product_tag","embeddable":true,"href":"https:\/\/peptilife.co\/es\/wp-json\/wp\/v2\/product_tag?post=1856"}],"curies":[{"name":"wp","href":"https:\/\/api.w.org\/{rel}","templated":true}]}}