{"id":1855,"date":"2025-10-02T16:24:21","date_gmt":"2025-10-02T16:24:21","guid":{"rendered":"https:\/\/peptilife.co\/?post_type=product&#038;p=1855"},"modified":"2026-04-23T13:56:14","modified_gmt":"2026-04-23T13:56:14","slug":"mots-c-10-mg","status":"publish","type":"product","link":"https:\/\/peptilife.co\/es\/producto\/mots-c-10-mg\/","title":{"rendered":"MOTS-c | 10 mg"},"content":{"rendered":"<p class=\"p1\"><span class=\"s1\"><b>MOTS-c<\/b><\/span> es un p\u00e9ptido derivado de las mitocondrias que desempe\u00f1a un papel clave en la <span class=\"s1\"><b>regulaci\u00f3n de la energ\u00eda, el equilibrio metab\u00f3lico y la resiliencia celular<\/b><\/span>. A diferencia de muchos p\u00e9ptidos, <span class=\"s1\"><b>MOTS-c est\u00e1 codificado dentro del ADN mitocondrial<\/b><\/span>, lo que lo hace \u00fanico en su capacidad para influir directamente en la <span class=\"s1\"><b>producci\u00f3n de energ\u00eda celular y la adaptaci\u00f3n al estr\u00e9s<\/b><\/span>.<\/p>\n<p class=\"p3\"><b>Beneficios principales de MOTS-c:<\/b><b><\/b><\/p>\n<p class=\"p1\">\u2022 <span class=\"s1\"><b>Salud metab\u00f3lica:<\/b><\/span> mejora la sensibilidad a la insulina y ayuda a regular el metabolismo de la glucosa.<\/p>\n<p class=\"p1\">\u2022 <span class=\"s1\"><b>Energ\u00eda y resistencia:<\/b><\/span> mejora la eficiencia mitocondrial, lo que conduce a mayor resistencia y menor fatiga.<\/p>\n<p class=\"p1\">\u2022 <span class=\"s1\"><b>Regulaci\u00f3n de la grasa:<\/b><\/span> promueve la oxidaci\u00f3n de \u00e1cidos grasos y favorece una composici\u00f3n corporal m\u00e1s saludable.<\/p>\n<p class=\"p1\">\u2022 <span class=\"s1\"><b>Resiliencia celular:<\/b><\/span> aumenta la tolerancia al estr\u00e9s oxidativo y ayuda a proteger contra el deterioro metab\u00f3lico relacionado con la edad.<\/p>\n<p class=\"p1\">Debido a que <span class=\"s1\"><b>act\u00faa directamente sobre las mitocondrias<\/b><\/span>, <span class=\"s1\"><b>MOTS-c<\/b><\/span> es considerado una herramienta poderosa dentro del <span class=\"s1\"><b>biohacking<\/b><\/span>, utilizada para aumentar la energ\u00eda, apoyar el control del peso y mejorar la vitalidad general.<\/p>\n","protected":false},"excerpt":{"rendered":"<p class=\"p1\"><b>MOTS-c<\/b><span class=\"s1\"> es un p\u00e9ptido mitocondrial que <\/span><b>aumenta la energ\u00eda, mejora la salud metab\u00f3lica y potencia la resistencia y la resiliencia<\/b><span class=\"s1\">.<\/span><\/p>\n","protected":false},"featured_media":1892,"comment_status":"open","ping_status":"closed","template":"","meta":{"_acf_changed":false,"inline_featured_image":false},"product_brand":[],"product_cat":[90],"product_tag":[],"class_list":{"0":"post-1855","1":"product","2":"type-product","3":"status-publish","4":"has-post-thumbnail","6":"product_cat-energy","8":"first","9":"instock","10":"shipping-taxable","11":"purchasable","12":"product-type-simple"},"acf":[],"_links":{"self":[{"href":"https:\/\/peptilife.co\/es\/wp-json\/wp\/v2\/product\/1855","targetHints":{"allow":["GET"]}}],"collection":[{"href":"https:\/\/peptilife.co\/es\/wp-json\/wp\/v2\/product"}],"about":[{"href":"https:\/\/peptilife.co\/es\/wp-json\/wp\/v2\/types\/product"}],"replies":[{"embeddable":true,"href":"https:\/\/peptilife.co\/es\/wp-json\/wp\/v2\/comments?post=1855"}],"wp:featuredmedia":[{"embeddable":true,"href":"https:\/\/peptilife.co\/es\/wp-json\/wp\/v2\/media\/1892"}],"wp:attachment":[{"href":"https:\/\/peptilife.co\/es\/wp-json\/wp\/v2\/media?parent=1855"}],"wp:term":[{"taxonomy":"product_brand","embeddable":true,"href":"https:\/\/peptilife.co\/es\/wp-json\/wp\/v2\/product_brand?post=1855"},{"taxonomy":"product_cat","embeddable":true,"href":"https:\/\/peptilife.co\/es\/wp-json\/wp\/v2\/product_cat?post=1855"},{"taxonomy":"product_tag","embeddable":true,"href":"https:\/\/peptilife.co\/es\/wp-json\/wp\/v2\/product_tag?post=1855"}],"curies":[{"name":"wp","href":"https:\/\/api.w.org\/{rel}","templated":true}]}}