{"id":1854,"date":"2025-10-02T16:23:27","date_gmt":"2025-10-02T16:23:27","guid":{"rendered":"https:\/\/peptilife.co\/?post_type=product&#038;p=1854"},"modified":"2026-04-02T12:57:16","modified_gmt":"2026-04-02T12:57:16","slug":"nad-500-mg","status":"publish","type":"product","link":"https:\/\/peptilife.co\/es\/producto\/nad-500-mg\/","title":{"rendered":"NAD+ | 500 mg"},"content":{"rendered":"<p class=\"p1\"><b>NAD+ (Nicotinamida Adenina Dinucle\u00f3tido)<\/b><span class=\"s1\"> es una coenzima vital presente en <\/span><b>todas las c\u00e9lulas del cuerpo<\/b><span class=\"s1\">, esencial para la <\/span><b>producci\u00f3n de energ\u00eda, la reparaci\u00f3n del ADN y el metabolismo celular<\/b><span class=\"s1\">. Los niveles de NAD+ disminuyen de forma natural con la edad, lo que puede provocar <\/span><b>menor funci\u00f3n mitocondrial, reducci\u00f3n de energ\u00eda y deterioro en la reparaci\u00f3n celular<\/b><span class=\"s1\">.<\/span><\/p>\n<p class=\"p3\">La suplementaci\u00f3n con <span class=\"s2\"><b>NAD+<\/b><\/span> ha demostrado:<\/p>\n<p class=\"p3\">\u2022 <span class=\"s2\"><b>Aumentar la energ\u00eda y la vitalidad:<\/b><\/span> mejora la eficiencia mitocondrial para un rendimiento f\u00edsico y mental sostenido.<\/p>\n<p class=\"p3\">\u2022 <span class=\"s2\"><b>Apoyar un envejecimiento saludable:<\/b><\/span> promueve la reparaci\u00f3n del ADN y ayuda a ralentizar los procesos de envejecimiento celular.<\/p>\n<p class=\"p3\">\u2022 <span class=\"s2\"><b>Mejorar la funci\u00f3n cognitiva:<\/b><\/span> favorece la salud cerebral, la concentraci\u00f3n y la memoria al estimular la actividad neuronal.<\/p>\n<p class=\"p3\">\u2022 <span class=\"s2\"><b>Contribuir al equilibrio metab\u00f3lico:<\/b><\/span> desempe\u00f1a un papel clave en el metabolismo de la glucosa y las grasas.<\/p>\n<p class=\"p3\">Como un elemento fundamental para la <span class=\"s2\"><b>salud celular<\/b><\/span>, <span class=\"s2\"><b>NAD+<\/b><\/span> es altamente valorado en <span class=\"s2\"><b>protocolos de longevidad y biohacking<\/b><\/span>, ayudando a restaurar la energ\u00eda juvenil, mejorar la resiliencia y apoyar el bienestar a largo plazo.<\/p>\n","protected":false},"excerpt":{"rendered":"<p class=\"p1\"><b>NAD+<\/b><span class=\"s1\"> es una coenzima vital que <\/span><b>aumenta la energ\u00eda, apoya la reparaci\u00f3n del ADN y promueve un envejecimiento saludable y una mejor funci\u00f3n cognitiva<\/b><span class=\"s1\">.<\/span><\/p>\n","protected":false},"featured_media":1890,"comment_status":"open","ping_status":"closed","template":"","meta":{"_acf_changed":false,"inline_featured_image":false},"product_brand":[],"product_cat":[89],"product_tag":[],"class_list":{"0":"post-1854","1":"product","2":"type-product","3":"status-publish","4":"has-post-thumbnail","6":"product_cat-beauty","8":"first","9":"instock","10":"shipping-taxable","11":"purchasable","12":"product-type-simple"},"acf":[],"_links":{"self":[{"href":"https:\/\/peptilife.co\/es\/wp-json\/wp\/v2\/product\/1854","targetHints":{"allow":["GET"]}}],"collection":[{"href":"https:\/\/peptilife.co\/es\/wp-json\/wp\/v2\/product"}],"about":[{"href":"https:\/\/peptilife.co\/es\/wp-json\/wp\/v2\/types\/product"}],"replies":[{"embeddable":true,"href":"https:\/\/peptilife.co\/es\/wp-json\/wp\/v2\/comments?post=1854"}],"wp:featuredmedia":[{"embeddable":true,"href":"https:\/\/peptilife.co\/es\/wp-json\/wp\/v2\/media\/1890"}],"wp:attachment":[{"href":"https:\/\/peptilife.co\/es\/wp-json\/wp\/v2\/media?parent=1854"}],"wp:term":[{"taxonomy":"product_brand","embeddable":true,"href":"https:\/\/peptilife.co\/es\/wp-json\/wp\/v2\/product_brand?post=1854"},{"taxonomy":"product_cat","embeddable":true,"href":"https:\/\/peptilife.co\/es\/wp-json\/wp\/v2\/product_cat?post=1854"},{"taxonomy":"product_tag","embeddable":true,"href":"https:\/\/peptilife.co\/es\/wp-json\/wp\/v2\/product_tag?post=1854"}],"curies":[{"name":"wp","href":"https:\/\/api.w.org\/{rel}","templated":true}]}}