{"id":1853,"date":"2025-10-02T16:21:54","date_gmt":"2025-10-02T16:21:54","guid":{"rendered":"https:\/\/peptilife.co\/?post_type=product&#038;p=1853"},"modified":"2026-03-09T04:46:08","modified_gmt":"2026-03-09T04:46:08","slug":"thymosin-alpha-1-10-mg","status":"publish","type":"product","link":"https:\/\/peptilife.co\/es\/producto\/thymosin-alpha-1-10-mg\/","title":{"rendered":"Thymosin Alpha-1 | 10 mg"},"content":{"rendered":"<p class=\"p1\"><span class=\"s1\"><b>Timosina Alfa-1 (TA1)<\/b><\/span> es una versi\u00f3n sint\u00e9tica de un p\u00e9ptido t\u00edmico que ocurre de forma natural, conocido principalmente por su papel en la <span class=\"s1\"><b>modulaci\u00f3n y fortalecimiento del sistema inmunol\u00f3gico<\/b><\/span>. Refuerza las defensas naturales del cuerpo al <span class=\"s1\"><b>estimular la producci\u00f3n y actividad de las c\u00e9lulas T<\/b><\/span>, apoyando tanto la <span class=\"s1\"><b>inmunidad innata como la adaptativa<\/b><\/span>.<\/p>\n<p class=\"p3\"><b>Beneficios principales de la Timosina Alfa-1:<\/b><b><\/b><\/p>\n<p class=\"p1\">\u2022 <span class=\"s1\"><b>Apoyo inmunol\u00f3gico:<\/b><\/span> mejora la resistencia a infecciones y fortalece la respuesta del sistema inmunitario.<\/p>\n<p class=\"p1\">\u2022 <span class=\"s1\"><b>Acci\u00f3n antiinflamatoria:<\/b><\/span> ayuda a regular el equilibrio inmunol\u00f3gico y reducir la inflamaci\u00f3n cr\u00f3nica.<\/p>\n<p class=\"p1\">\u2022 <span class=\"s1\"><b>Protecci\u00f3n celular:<\/b><\/span> contribuye a la defensa frente al estr\u00e9s oxidativo y promueve el bienestar general.<\/p>\n<p class=\"p1\">\u2022 <span class=\"s1\"><b>Potencial apoyo a la longevidad:<\/b><\/span> favorece una funci\u00f3n inmunol\u00f3gica m\u00e1s saludable durante el envejecimiento.<\/p>\n<p class=\"p1\">Gracias a su <span class=\"s1\"><b>potente capacidad para modular la inmunidad y promover la resiliencia<\/b><\/span>, la <span class=\"s1\"><b>Timosina Alfa-1<\/b><\/span> se utiliza con frecuencia en <span class=\"s1\"><b>protocolos de bienestar y longevidad<\/b><\/span>, orientados a fortalecer la capacidad natural del cuerpo para mantener el equilibrio y protegerse frente al deterioro relacionado con la edad.<\/p>\n","protected":false},"excerpt":{"rendered":"<p class=\"p1\"><b>Timosina Alfa-1<\/b><span class=\"s1\"> es un p\u00e9ptido que <\/span><b>refuerza el sistema inmunol\u00f3gico<\/b><span class=\"s1\">, mejora las <\/span><b>defensas naturales<\/b><span class=\"s1\">, regula la <\/span><b>inflamaci\u00f3n<\/b><span class=\"s1\"> y apoya el <\/span><b>bienestar general<\/b><span class=\"s1\">.<\/span><\/p>\n","protected":false},"featured_media":1888,"comment_status":"open","ping_status":"closed","template":"","meta":{"_acf_changed":false,"inline_featured_image":false},"product_brand":[],"product_cat":[89],"product_tag":[],"class_list":{"0":"post-1853","1":"product","2":"type-product","3":"status-publish","4":"has-post-thumbnail","6":"product_cat-beauty","8":"first","9":"instock","10":"shipping-taxable","11":"purchasable","12":"product-type-simple"},"acf":[],"_links":{"self":[{"href":"https:\/\/peptilife.co\/es\/wp-json\/wp\/v2\/product\/1853","targetHints":{"allow":["GET"]}}],"collection":[{"href":"https:\/\/peptilife.co\/es\/wp-json\/wp\/v2\/product"}],"about":[{"href":"https:\/\/peptilife.co\/es\/wp-json\/wp\/v2\/types\/product"}],"replies":[{"embeddable":true,"href":"https:\/\/peptilife.co\/es\/wp-json\/wp\/v2\/comments?post=1853"}],"wp:featuredmedia":[{"embeddable":true,"href":"https:\/\/peptilife.co\/es\/wp-json\/wp\/v2\/media\/1888"}],"wp:attachment":[{"href":"https:\/\/peptilife.co\/es\/wp-json\/wp\/v2\/media?parent=1853"}],"wp:term":[{"taxonomy":"product_brand","embeddable":true,"href":"https:\/\/peptilife.co\/es\/wp-json\/wp\/v2\/product_brand?post=1853"},{"taxonomy":"product_cat","embeddable":true,"href":"https:\/\/peptilife.co\/es\/wp-json\/wp\/v2\/product_cat?post=1853"},{"taxonomy":"product_tag","embeddable":true,"href":"https:\/\/peptilife.co\/es\/wp-json\/wp\/v2\/product_tag?post=1853"}],"curies":[{"name":"wp","href":"https:\/\/api.w.org\/{rel}","templated":true}]}}