{"id":1851,"date":"2025-10-02T16:20:19","date_gmt":"2025-10-02T16:20:19","guid":{"rendered":"https:\/\/peptilife.co\/?post_type=product&#038;p=1851"},"modified":"2026-03-09T04:47:22","modified_gmt":"2026-03-09T04:47:22","slug":"epithalon-10-mg","status":"publish","type":"product","link":"https:\/\/peptilife.co\/es\/producto\/epithalon-10-mg\/","title":{"rendered":"Epithalon | 10 mg"},"content":{"rendered":"<p class=\"p1\"><span class=\"s1\"><b>Epitalon<\/b><\/span> es un p\u00e9ptido sint\u00e9tico derivado de la prote\u00edna natural de la <span class=\"s1\"><b>gl\u00e1ndula pineal llamada epitalamina<\/b><\/span>, conocido por sus profundos efectos <span class=\"s1\"><b>antienvejecimiento y de longevidad<\/b><\/span>. Act\u00faa principalmente estimulando la <span class=\"s1\"><b>actividad de la telomerasa<\/b><\/span>, una enzima responsable de <span class=\"s1\"><b>mantener y alargar los tel\u00f3meros<\/b><\/span>, los cuales son fundamentales para la <span class=\"s1\"><b>vida \u00fatil celular y la estabilidad gen\u00e9tica<\/b><\/span>.<\/p>\n<p class=\"p3\"><b>Beneficios clave de Epitalon:<\/b><b><\/b><\/p>\n<p class=\"p1\">\u2022 <span class=\"s1\"><b>Longevidad celular:<\/b><\/span> ayuda a proteger y alargar los tel\u00f3meros, ralentizando el envejecimiento celular.<\/p>\n<p class=\"p1\">\u2022 <span class=\"s1\"><b>Apoyo al sistema inmunol\u00f3gico:<\/b><\/span> mejora la resistencia al deterioro relacionado con la edad y favorece la funci\u00f3n inmunitaria.<\/p>\n<p class=\"p1\">\u2022 <span class=\"s1\"><b>Mejor sue\u00f1o y ritmo circadiano:<\/b><\/span> regula la producci\u00f3n de melatonina, ayudando a un sue\u00f1o m\u00e1s profundo y reparador.<\/p>\n<p class=\"p1\">\u2022 <span class=\"s1\"><b>Piel y vitalidad:<\/b><\/span> promueve la regeneraci\u00f3n, el equilibrio energ\u00e9tico y el bienestar general.<\/p>\n<p class=\"p3\"><span class=\"s2\">Debido a su papel en la <\/span><b>regeneraci\u00f3n celular y el manejo del envejecimiento<\/b><span class=\"s2\">, <\/span><b>Epitalon<\/b><span class=\"s2\"> es altamente valorado en <\/span><b>protocolos antienvejecimiento<\/b><span class=\"s2\">, ayudando a apoyar no solo la apariencia sino tambi\u00e9n la <\/span><b>salud y vitalidad a largo plazo<\/b><span class=\"s2\">.<\/span><\/p>\n","protected":false},"excerpt":{"rendered":"<p class=\"p1\"><b>Epitalon<\/b><span class=\"s1\"> es un p\u00e9ptido antienvejecimiento que <\/span><b>apoya la protecci\u00f3n de los tel\u00f3meros, la regeneraci\u00f3n celular, un mejor sue\u00f1o y la longevidad general<\/b><span class=\"s1\">.<\/span><\/p>\n","protected":false},"featured_media":1885,"comment_status":"open","ping_status":"closed","template":"","meta":{"_acf_changed":false,"inline_featured_image":false},"product_brand":[],"product_cat":[89],"product_tag":[],"class_list":{"0":"post-1851","1":"product","2":"type-product","3":"status-publish","4":"has-post-thumbnail","6":"product_cat-beauty","8":"first","9":"instock","10":"shipping-taxable","11":"purchasable","12":"product-type-simple"},"acf":[],"_links":{"self":[{"href":"https:\/\/peptilife.co\/es\/wp-json\/wp\/v2\/product\/1851","targetHints":{"allow":["GET"]}}],"collection":[{"href":"https:\/\/peptilife.co\/es\/wp-json\/wp\/v2\/product"}],"about":[{"href":"https:\/\/peptilife.co\/es\/wp-json\/wp\/v2\/types\/product"}],"replies":[{"embeddable":true,"href":"https:\/\/peptilife.co\/es\/wp-json\/wp\/v2\/comments?post=1851"}],"wp:featuredmedia":[{"embeddable":true,"href":"https:\/\/peptilife.co\/es\/wp-json\/wp\/v2\/media\/1885"}],"wp:attachment":[{"href":"https:\/\/peptilife.co\/es\/wp-json\/wp\/v2\/media?parent=1851"}],"wp:term":[{"taxonomy":"product_brand","embeddable":true,"href":"https:\/\/peptilife.co\/es\/wp-json\/wp\/v2\/product_brand?post=1851"},{"taxonomy":"product_cat","embeddable":true,"href":"https:\/\/peptilife.co\/es\/wp-json\/wp\/v2\/product_cat?post=1851"},{"taxonomy":"product_tag","embeddable":true,"href":"https:\/\/peptilife.co\/es\/wp-json\/wp\/v2\/product_tag?post=1851"}],"curies":[{"name":"wp","href":"https:\/\/api.w.org\/{rel}","templated":true}]}}