{"id":1847,"date":"2025-10-02T16:14:41","date_gmt":"2025-10-02T16:14:41","guid":{"rendered":"https:\/\/peptilife.co\/?post_type=product&#038;p=1847"},"modified":"2026-04-23T13:56:18","modified_gmt":"2026-04-23T13:56:18","slug":"tb4-blend-bpc-157-5-mg-5-mg","status":"publish","type":"product","link":"https:\/\/peptilife.co\/es\/producto\/tb4-blend-bpc-157-5-mg-5-mg\/","title":{"rendered":"TB4 Blend + BPC-157 | 5 mg + 5 mg"},"content":{"rendered":"<p class=\"p1\"><span class=\"s1\">La <\/span><b>mezcla TB4 + BPC-157<\/b><span class=\"s1\"> es una formulaci\u00f3n sin\u00e9rgica de p\u00e9ptidos dise\u00f1ada para <\/span><b>maximizar la capacidad del cuerpo para sanar, regenerarse y recuperarse<\/b><span class=\"s1\">.<\/span><\/p>\n<p class=\"p1\"><span class=\"s1\">\u2022 <\/span><b>Timosina Beta-4 (TB4):<\/b><span class=\"s1\"> conocida por su capacidad para promover la <\/span><b>angiog\u00e9nesis<\/b><span class=\"s1\"> (formaci\u00f3n de nuevos vasos sangu\u00edneos). TB4 apoya la <\/span><b>regeneraci\u00f3n de tejidos<\/b><span class=\"s1\">, mejora la <\/span><b>flexibilidad<\/b><span class=\"s1\"> y reduce la <\/span><b>formaci\u00f3n de tejido cicatricial<\/b><span class=\"s1\">. Desempe\u00f1a un papel vital en la <\/span><b>cicatrizaci\u00f3n de heridas, la recuperaci\u00f3n muscular y la protecci\u00f3n cardiovascular<\/b><span class=\"s1\">.<\/span><\/p>\n<p class=\"p1\"><span class=\"s1\">\u2022 <\/span><b>BPC-157 (Body Protection Compound-157):<\/b><span class=\"s1\"> derivado de prote\u00ednas g\u00e1stricas, BPC-157 es altamente reconocido por sus propiedades <\/span><b>protectoras del sistema digestivo, antiinflamatorias y regenerativas<\/b><span class=\"s1\">. Acelera la recuperaci\u00f3n de <\/span><b>tendones y ligamentos<\/b><span class=\"s1\">, protege el <\/span><b>tracto gastrointestinal<\/b><span class=\"s1\"> y reduce la <\/span><b>inflamaci\u00f3n sist\u00e9mica<\/b><span class=\"s1\">.<\/span><\/p>\n<p class=\"p3\">Cuando se combinan, estos p\u00e9ptidos crean una <span class=\"s2\"><b>soluci\u00f3n integral de recuperaci\u00f3n<\/b><\/span>:<\/p>\n<p class=\"p3\">\u2022 <span class=\"s2\"><b>Cicatrizaci\u00f3n m\u00e1s r\u00e1pida de lesiones<\/b><\/span> (m\u00fasculos, tendones, ligamentos y articulaciones).<\/p>\n<p class=\"p1\"><span class=\"s1\">\u2022 <\/span><b>Protecci\u00f3n de \u00f3rganos y tejidos<\/b><span class=\"s1\"> frente al estr\u00e9s oxidativo.<\/span><\/p>\n<p class=\"p1\"><span class=\"s1\">\u2022 <\/span><b>Reducci\u00f3n de la inflamaci\u00f3n cr\u00f3nica<\/b><span class=\"s1\">, mejorando la movilidad.<\/span><\/p>\n<p class=\"p3\">\u2022 <span class=\"s2\"><b>Apoyo a la salud intestinal<\/b><\/span> y al equilibrio sist\u00e9mico.<\/p>\n<p class=\"p1\"><span class=\"s1\">Esta mezcla es ampliamente reconocida como <\/span><b>una de las combinaciones de p\u00e9ptidos regenerativos y de recuperaci\u00f3n m\u00e1s efectivas<\/b><span class=\"s1\">, lo que la hace ideal para <\/span><b>atletas, personas activas o cualquier persona que busque una recuperaci\u00f3n \u00f3ptima y salud de los tejidos a largo plazo<\/b><span class=\"s1\">.<\/span><\/p>\n","protected":false},"excerpt":{"rendered":"<p class=\"p1\"><b>TB4 Blend + BPC-157<\/b><span class=\"s1\"> combina dos potentes <\/span><b>p\u00e9ptidos regenerativos<\/b><span class=\"s1\"> que aceleran la <\/span><b>reparaci\u00f3n de tejidos<\/b><span class=\"s1\">, reducen la <\/span><b>inflamaci\u00f3n<\/b><span class=\"s1\"> y apoyan la <\/span><b>recuperaci\u00f3n de lesiones<\/b><span class=\"s1\">.<\/span><\/p>\n","protected":false},"featured_media":1877,"comment_status":"open","ping_status":"closed","template":"","meta":{"_acf_changed":false,"inline_featured_image":false},"product_brand":[],"product_cat":[88],"product_tag":[],"class_list":{"0":"post-1847","1":"product","2":"type-product","3":"status-publish","4":"has-post-thumbnail","6":"product_cat-fuerza-musculo-recuperacion","8":"first","9":"instock","10":"shipping-taxable","11":"purchasable","12":"product-type-simple"},"acf":[],"_links":{"self":[{"href":"https:\/\/peptilife.co\/es\/wp-json\/wp\/v2\/product\/1847","targetHints":{"allow":["GET"]}}],"collection":[{"href":"https:\/\/peptilife.co\/es\/wp-json\/wp\/v2\/product"}],"about":[{"href":"https:\/\/peptilife.co\/es\/wp-json\/wp\/v2\/types\/product"}],"replies":[{"embeddable":true,"href":"https:\/\/peptilife.co\/es\/wp-json\/wp\/v2\/comments?post=1847"}],"wp:featuredmedia":[{"embeddable":true,"href":"https:\/\/peptilife.co\/es\/wp-json\/wp\/v2\/media\/1877"}],"wp:attachment":[{"href":"https:\/\/peptilife.co\/es\/wp-json\/wp\/v2\/media?parent=1847"}],"wp:term":[{"taxonomy":"product_brand","embeddable":true,"href":"https:\/\/peptilife.co\/es\/wp-json\/wp\/v2\/product_brand?post=1847"},{"taxonomy":"product_cat","embeddable":true,"href":"https:\/\/peptilife.co\/es\/wp-json\/wp\/v2\/product_cat?post=1847"},{"taxonomy":"product_tag","embeddable":true,"href":"https:\/\/peptilife.co\/es\/wp-json\/wp\/v2\/product_tag?post=1847"}],"curies":[{"name":"wp","href":"https:\/\/api.w.org\/{rel}","templated":true}]}}