{"id":1846,"date":"2025-10-02T16:13:26","date_gmt":"2025-10-02T16:13:26","guid":{"rendered":"https:\/\/peptilife.co\/?post_type=product&#038;p=1846"},"modified":"2026-04-24T14:50:23","modified_gmt":"2026-04-24T14:50:23","slug":"cjc-1295-with-dac-5-mg-5-mg","status":"publish","type":"product","link":"https:\/\/peptilife.co\/es\/producto\/cjc-1295-with-dac-5-mg-5-mg\/","title":{"rendered":"CJC-1295 with DAC | 5 mg"},"content":{"rendered":"<p class=\"p1\"><span class=\"s1\"><b>CJC-1295 con DAC (Drug Affinity Complex)<\/b><\/span> es un an\u00e1logo sint\u00e9tico de la <span class=\"s1\"><b>hormona liberadora de la hormona de crecimiento (GHRH)<\/b><\/span>, dise\u00f1ado para <span class=\"s1\"><b>prolongar la vida media de la GHRH en el organismo<\/b><\/span>. Gracias a su tecnolog\u00eda <span class=\"s1\"><b>DAC<\/b><\/span>, CJC-1295 proporciona una <span class=\"s1\"><b>liberaci\u00f3n sostenida de la hormona de crecimiento (GH)<\/b><\/span> a lo largo del tiempo, reduciendo la necesidad de dosis frecuentes y amplificando la secreci\u00f3n natural de GH del cuerpo.<\/p>\n<p class=\"p3\"><b>Los beneficios de CJC-1295 con DAC incluyen:<\/b><b><\/b><\/p>\n<p class=\"p1\">\u2022 <span class=\"s1\"><b>Mejor metabolismo de las grasas:<\/b><\/span> promueve la descomposici\u00f3n de grasa y mejora la composici\u00f3n corporal.<\/p>\n<p class=\"p1\">\u2022 <span class=\"s1\"><b>Crecimiento muscular magro y recuperaci\u00f3n:<\/b><\/span> estimula la s\u00edntesis de prote\u00ednas, ayudando al desarrollo muscular y a una recuperaci\u00f3n m\u00e1s r\u00e1pida.<\/p>\n<p class=\"p1\">\u2022 <span class=\"s1\"><b>Reparaci\u00f3n celular y apoyo antienvejecimiento:<\/b><\/span> favorece la regeneraci\u00f3n de tejidos, la elasticidad de la piel y el equilibrio energ\u00e9tico.<\/p>\n<p class=\"p1\">\u2022 <span class=\"s1\"><b>Actividad prolongada:<\/b><\/span> gracias a su vida media extendida, mantiene niveles estables de GH durante varios d\u00edas.<\/p>\n<p class=\"p3\"><span class=\"s2\">Al optimizar los niveles de <\/span><b>GH e IGF-1<\/b><span class=\"s2\">, <\/span><b>CJC-1295 con DAC<\/b><span class=\"s2\"> ofrece una herramienta potente para la <\/span><b>salud metab\u00f3lica, la mejora del rendimiento y las terapias de manejo del envejecimiento<\/b><span class=\"s2\">, convirti\u00e9ndose en una opci\u00f3n preferida para quienes buscan <\/span><b>apoyo pept\u00eddico a largo plazo<\/b><span class=\"s2\">.<\/span><\/p>\n","protected":false},"excerpt":{"rendered":"<p class=\"p1\"><b>CJC-1295 con DAC<\/b><span class=\"s1\"> es un p\u00e9ptido de <\/span><b>acci\u00f3n prolongada<\/b><span class=\"s1\"> que estimula la <\/span><b>liberaci\u00f3n natural de la hormona de crecimiento<\/b><span class=\"s1\">, apoyando la <\/span><b>p\u00e9rdida de grasa, el crecimiento muscular y beneficios antienvejecimiento<\/b><span class=\"s1\">.<\/span><\/p>\n","protected":false},"featured_media":1875,"comment_status":"open","ping_status":"closed","template":"","meta":{"_acf_changed":false,"inline_featured_image":false},"product_brand":[],"product_cat":[88],"product_tag":[],"class_list":{"0":"post-1846","1":"product","2":"type-product","3":"status-publish","4":"has-post-thumbnail","6":"product_cat-fuerza-musculo-recuperacion","8":"first","9":"instock","10":"shipping-taxable","11":"purchasable","12":"product-type-simple"},"acf":[],"_links":{"self":[{"href":"https:\/\/peptilife.co\/es\/wp-json\/wp\/v2\/product\/1846","targetHints":{"allow":["GET"]}}],"collection":[{"href":"https:\/\/peptilife.co\/es\/wp-json\/wp\/v2\/product"}],"about":[{"href":"https:\/\/peptilife.co\/es\/wp-json\/wp\/v2\/types\/product"}],"replies":[{"embeddable":true,"href":"https:\/\/peptilife.co\/es\/wp-json\/wp\/v2\/comments?post=1846"}],"wp:featuredmedia":[{"embeddable":true,"href":"https:\/\/peptilife.co\/es\/wp-json\/wp\/v2\/media\/1875"}],"wp:attachment":[{"href":"https:\/\/peptilife.co\/es\/wp-json\/wp\/v2\/media?parent=1846"}],"wp:term":[{"taxonomy":"product_brand","embeddable":true,"href":"https:\/\/peptilife.co\/es\/wp-json\/wp\/v2\/product_brand?post=1846"},{"taxonomy":"product_cat","embeddable":true,"href":"https:\/\/peptilife.co\/es\/wp-json\/wp\/v2\/product_cat?post=1846"},{"taxonomy":"product_tag","embeddable":true,"href":"https:\/\/peptilife.co\/es\/wp-json\/wp\/v2\/product_tag?post=1846"}],"curies":[{"name":"wp","href":"https:\/\/api.w.org\/{rel}","templated":true}]}}