{"id":1845,"date":"2025-10-02T16:09:58","date_gmt":"2025-10-02T16:09:58","guid":{"rendered":"https:\/\/peptilife.co\/?post_type=product&#038;p=1845"},"modified":"2026-03-16T21:56:42","modified_gmt":"2026-03-16T21:56:42","slug":"hgh-human-growth-hormone-10iu","status":"publish","type":"product","link":"https:\/\/peptilife.co\/es\/producto\/hgh-human-growth-hormone-10iu\/","title":{"rendered":"HGH (Human Growth Hormone) | 10 IU"},"content":{"rendered":"<p class=\"p1\" style=\"text-align: left\"><b>La hormona de crecimiento humano (HGH)<\/b><span class=\"s1\"> es una hormona natural producida por la <\/span><b>gl\u00e1ndula pituitaria<\/b><span class=\"s1\">, responsable de estimular el <\/span><b>crecimiento, la reparaci\u00f3n celular y el metabolismo<\/b><span class=\"s1\">. Como p\u00e9ptido terap\u00e9utico, la HGH apoya la capacidad del cuerpo para <\/span><b>quemar grasa, preservar la masa muscular magra y mejorar la recuperaci\u00f3n<\/b><span class=\"s1\">.<\/span><\/p>\n<p class=\"p1\"><span class=\"s1\">Su funci\u00f3n va m\u00e1s all\u00e1 del rendimiento y la composici\u00f3n corporal: la <\/span><b>HGH contribuye a la elasticidad de la piel, la densidad \u00f3sea y el rejuvenecimiento celular general<\/b><span class=\"s1\">, lo que la convierte en un componente importante en <\/span><b>protocolos de antienvejecimiento y optimizaci\u00f3n del bienestar<\/b><span class=\"s1\">.<\/span><\/p>\n<p class=\"p1\"><span class=\"s1\">Al <\/span><b>aumentar los niveles de energ\u00eda, promover un sue\u00f1o reparador y acelerar la reparaci\u00f3n de tejidos<\/b><span class=\"s1\">, la HGH ofrece un enfoque integral para mejorar tanto el <\/span><b>rendimiento f\u00edsico como la salud a largo plazo<\/b><span class=\"s1\">. Ya sea para <\/span><b>mejorar la capacidad atl\u00e9tica, apoyar la recuperaci\u00f3n o aumentar la vitalidad<\/b><span class=\"s1\">, la HGH se considera uno de los <\/span><b>p\u00e9ptidos m\u00e1s influyentes en la medicina metab\u00f3lica y regenerativa<\/b><span class=\"s1\">.<\/span><\/p>\n","protected":false},"excerpt":{"rendered":"<p class=\"p1\"><span class=\"s1\">La <\/span><b>hormona de crecimiento humano (HGH)<\/b><span class=\"s1\"> es un p\u00e9ptido clave que promueve el <\/span><b>metabolismo de las grasas, el desarrollo de masa muscular magra y la regeneraci\u00f3n celular general<\/b><span class=\"s1\"> para mejorar la <\/span><b>salud y la vitalidad<\/b><span class=\"s1\">.<\/span><\/p>\n","protected":false},"featured_media":1873,"comment_status":"open","ping_status":"closed","template":"","meta":{"_acf_changed":false,"inline_featured_image":false},"product_brand":[],"product_cat":[88],"product_tag":[],"class_list":{"0":"post-1845","1":"product","2":"type-product","3":"status-publish","4":"has-post-thumbnail","6":"product_cat-fuerza-musculo-recuperacion","8":"first","9":"instock","10":"shipping-taxable","11":"purchasable","12":"product-type-simple"},"acf":[],"_links":{"self":[{"href":"https:\/\/peptilife.co\/es\/wp-json\/wp\/v2\/product\/1845","targetHints":{"allow":["GET"]}}],"collection":[{"href":"https:\/\/peptilife.co\/es\/wp-json\/wp\/v2\/product"}],"about":[{"href":"https:\/\/peptilife.co\/es\/wp-json\/wp\/v2\/types\/product"}],"replies":[{"embeddable":true,"href":"https:\/\/peptilife.co\/es\/wp-json\/wp\/v2\/comments?post=1845"}],"wp:featuredmedia":[{"embeddable":true,"href":"https:\/\/peptilife.co\/es\/wp-json\/wp\/v2\/media\/1873"}],"wp:attachment":[{"href":"https:\/\/peptilife.co\/es\/wp-json\/wp\/v2\/media?parent=1845"}],"wp:term":[{"taxonomy":"product_brand","embeddable":true,"href":"https:\/\/peptilife.co\/es\/wp-json\/wp\/v2\/product_brand?post=1845"},{"taxonomy":"product_cat","embeddable":true,"href":"https:\/\/peptilife.co\/es\/wp-json\/wp\/v2\/product_cat?post=1845"},{"taxonomy":"product_tag","embeddable":true,"href":"https:\/\/peptilife.co\/es\/wp-json\/wp\/v2\/product_tag?post=1845"}],"curies":[{"name":"wp","href":"https:\/\/api.w.org\/{rel}","templated":true}]}}