{"id":1844,"date":"2025-10-02T16:07:25","date_gmt":"2025-10-02T16:07:25","guid":{"rendered":"https:\/\/peptilife.co\/?post_type=product&#038;p=1844"},"modified":"2026-03-09T04:52:40","modified_gmt":"2026-03-09T04:52:40","slug":"ipamorelin-10mg","status":"publish","type":"product","link":"https:\/\/peptilife.co\/es\/producto\/ipamorelin-10mg\/","title":{"rendered":"Ipamorelin | 10 mg"},"content":{"rendered":"<p class=\"p1\"><span class=\"s1\"><b>Ipamorelina<\/b><\/span> es un secretagogo selectivo de la <span class=\"s1\"><b>hormona de crecimiento (GHRP)<\/b><\/span> que act\u00faa estimulando la <span class=\"s1\"><b>gl\u00e1ndula pituitaria<\/b><\/span> para liberar <span class=\"s1\"><b>hormona de crecimiento (GH)<\/b><\/span> sin afectar significativamente los niveles de <span class=\"s1\"><b>cortisol o prolactina<\/b><\/span>. Este mecanismo espec\u00edfico la convierte en uno de los p\u00e9ptidos <span class=\"s1\"><b>m\u00e1s seguros y precisos para aumentar de forma natural la GH<\/b><\/span>.<\/p>\n<p class=\"p1\">Al aumentar la GH, <span class=\"s1\"><b>Ipamorelina<\/b><\/span> apoya una amplia variedad de beneficios, entre ellos:<\/p>\n<p class=\"p1\">\u2022 <span class=\"s1\"><b>Metabolismo de las grasas:<\/b><\/span> mejora la descomposici\u00f3n de la grasa almacenada, ayudando a mejorar la composici\u00f3n corporal.<\/p>\n<p class=\"p1\">\u2022 <span class=\"s1\"><b>Conservaci\u00f3n de masa muscular y recuperaci\u00f3n:<\/b><\/span> promueve la reparaci\u00f3n y regeneraci\u00f3n muscular, acelerando la recuperaci\u00f3n despu\u00e9s del ejercicio.<\/p>\n<p class=\"p1\">\u2022 <span class=\"s1\"><b>Sue\u00f1o y bienestar:<\/b><\/span> favorece ciclos de sue\u00f1o m\u00e1s profundos y reparadores, contribuyendo a una mejor recuperaci\u00f3n y salud general.<\/p>\n<p class=\"p1\">Debido a que estimula la liberaci\u00f3n de GH de forma <span class=\"s1\"><b>suave y controlada<\/b><\/span>, la <span class=\"s1\"><b>Ipamorelina<\/b><\/span> suele preferirse para <span class=\"s1\"><b>uso a largo plazo<\/b><\/span> en la optimizaci\u00f3n del metabolismo, protocolos antienvejecimiento y mejora del rendimiento. Ofrece un enfoque equilibrado para mejorar la <span class=\"s1\"><b>composici\u00f3n corporal, la energ\u00eda y la recuperaci\u00f3n<\/b><\/span>, sin sobreestimular otras hormonas.<\/p>\n","protected":false},"excerpt":{"rendered":"<p class=\"p1\"><b>Ipamorelina<\/b><span class=\"s1\"> es un <\/span><b>p\u00e9ptido selectivo liberador de la hormona de crecimiento<\/b><span class=\"s1\"> que promueve la <\/span><b>secreci\u00f3n natural de GH<\/b><span class=\"s1\">, apoyando la <\/span><b>reducci\u00f3n de grasa, la recuperaci\u00f3n muscular y una mejor calidad del sue\u00f1o<\/b><span class=\"s1\">.<\/span><\/p>\n","protected":false},"featured_media":1870,"comment_status":"open","ping_status":"closed","template":"","meta":{"_acf_changed":false,"inline_featured_image":false},"product_brand":[],"product_cat":[87],"product_tag":[],"class_list":{"0":"post-1844","1":"product","2":"type-product","3":"status-publish","4":"has-post-thumbnail","6":"product_cat-weight","8":"first","9":"instock","10":"shipping-taxable","11":"purchasable","12":"product-type-simple"},"acf":[],"_links":{"self":[{"href":"https:\/\/peptilife.co\/es\/wp-json\/wp\/v2\/product\/1844","targetHints":{"allow":["GET"]}}],"collection":[{"href":"https:\/\/peptilife.co\/es\/wp-json\/wp\/v2\/product"}],"about":[{"href":"https:\/\/peptilife.co\/es\/wp-json\/wp\/v2\/types\/product"}],"replies":[{"embeddable":true,"href":"https:\/\/peptilife.co\/es\/wp-json\/wp\/v2\/comments?post=1844"}],"wp:featuredmedia":[{"embeddable":true,"href":"https:\/\/peptilife.co\/es\/wp-json\/wp\/v2\/media\/1870"}],"wp:attachment":[{"href":"https:\/\/peptilife.co\/es\/wp-json\/wp\/v2\/media?parent=1844"}],"wp:term":[{"taxonomy":"product_brand","embeddable":true,"href":"https:\/\/peptilife.co\/es\/wp-json\/wp\/v2\/product_brand?post=1844"},{"taxonomy":"product_cat","embeddable":true,"href":"https:\/\/peptilife.co\/es\/wp-json\/wp\/v2\/product_cat?post=1844"},{"taxonomy":"product_tag","embeddable":true,"href":"https:\/\/peptilife.co\/es\/wp-json\/wp\/v2\/product_tag?post=1844"}],"curies":[{"name":"wp","href":"https:\/\/api.w.org\/{rel}","templated":true}]}}