{"id":1842,"date":"2025-10-02T16:05:34","date_gmt":"2025-10-02T16:05:34","guid":{"rendered":"https:\/\/peptilife.co\/?post_type=product&#038;p=1842"},"modified":"2026-03-09T04:53:50","modified_gmt":"2026-03-09T04:53:50","slug":"tesamorelin-5mg","status":"publish","type":"product","link":"https:\/\/peptilife.co\/es\/producto\/tesamorelin-5mg\/","title":{"rendered":"Tesamorelin | 5 mg"},"content":{"rendered":"<p class=\"p1\"><b>Tesamorelina<\/b><span class=\"s1\"> es un an\u00e1logo sint\u00e9tico de la <\/span><b>hormona liberadora de la hormona de crecimiento (GHRH)<\/b><span class=\"s1\">, dise\u00f1ado espec\u00edficamente para estimular la <\/span><b>gl\u00e1ndula pituitaria<\/b><span class=\"s1\"> y aumentar la secreci\u00f3n de <\/span><b>hormona de crecimiento (GH)<\/b><span class=\"s1\">. Este aumento de GH promueve niveles m\u00e1s altos de <\/span><b>factor de crecimiento similar a la insulina tipo 1 (IGF-1)<\/b><span class=\"s1\">, que desempe\u00f1a un papel clave en la <\/span><b>regulaci\u00f3n del metabolismo, la reducci\u00f3n de la grasa visceral y la preservaci\u00f3n de la masa muscular magra<\/b><span class=\"s1\">.<\/span><\/p>\n<p class=\"p3\">Reconocida principalmente por su eficacia en la <span class=\"s2\"><b>reducci\u00f3n de la grasa abdominal y visceral<\/b><\/span>, especialmente en condiciones como la <span class=\"s2\"><b>lipodistrofia en pacientes con VIH<\/b><\/span>, la <span class=\"s2\"><b>tesamorelina<\/b><\/span> se ha convertido en una opci\u00f3n terap\u00e9utica importante para el manejo de la <span class=\"s2\"><b>salud metab\u00f3lica<\/b><\/span>. Su mecanismo de acci\u00f3n no solo se enfoca en la p\u00e9rdida de grasa, sino que tambi\u00e9n contribuye a <span class=\"s2\"><b>mejorar el equilibrio energ\u00e9tico, la composici\u00f3n corporal y la funci\u00f3n metab\u00f3lica general<\/b><\/span>.<\/p>\n<p class=\"p1\"><span class=\"s1\">Al promover la <\/span><b>descomposici\u00f3n de grasa mientras apoya el tejido muscular<\/b><span class=\"s1\">, la <\/span><b>tesamorelina<\/b><span class=\"s1\"> se destaca como un p\u00e9ptido respaldado cient\u00edficamente que ayuda a <\/span><b>restablecer un equilibrio m\u00e1s saludable entre el almacenamiento de grasa y la masa corporal magra<\/b><span class=\"s1\">.<\/span><\/p>\n","protected":false},"excerpt":{"rendered":"<p class=\"p1\"><b>Tesamorelina<\/b><span class=\"s1\"> es un p\u00e9ptido sint\u00e9tico que <\/span><b>estimula la producci\u00f3n natural de hormona de crecimiento<\/b><span class=\"s1\">, apoyando la <\/span><b>reducci\u00f3n de grasa y la preservaci\u00f3n de masa muscular magra<\/b><span class=\"s1\">.<\/span><\/p>\n","protected":false},"featured_media":1868,"comment_status":"open","ping_status":"closed","template":"","meta":{"_acf_changed":false,"inline_featured_image":false},"product_brand":[],"product_cat":[87],"product_tag":[],"class_list":{"0":"post-1842","1":"product","2":"type-product","3":"status-publish","4":"has-post-thumbnail","6":"product_cat-weight","8":"first","9":"instock","10":"shipping-taxable","11":"purchasable","12":"product-type-simple"},"acf":[],"_links":{"self":[{"href":"https:\/\/peptilife.co\/es\/wp-json\/wp\/v2\/product\/1842","targetHints":{"allow":["GET"]}}],"collection":[{"href":"https:\/\/peptilife.co\/es\/wp-json\/wp\/v2\/product"}],"about":[{"href":"https:\/\/peptilife.co\/es\/wp-json\/wp\/v2\/types\/product"}],"replies":[{"embeddable":true,"href":"https:\/\/peptilife.co\/es\/wp-json\/wp\/v2\/comments?post=1842"}],"wp:featuredmedia":[{"embeddable":true,"href":"https:\/\/peptilife.co\/es\/wp-json\/wp\/v2\/media\/1868"}],"wp:attachment":[{"href":"https:\/\/peptilife.co\/es\/wp-json\/wp\/v2\/media?parent=1842"}],"wp:term":[{"taxonomy":"product_brand","embeddable":true,"href":"https:\/\/peptilife.co\/es\/wp-json\/wp\/v2\/product_brand?post=1842"},{"taxonomy":"product_cat","embeddable":true,"href":"https:\/\/peptilife.co\/es\/wp-json\/wp\/v2\/product_cat?post=1842"},{"taxonomy":"product_tag","embeddable":true,"href":"https:\/\/peptilife.co\/es\/wp-json\/wp\/v2\/product_tag?post=1842"}],"curies":[{"name":"wp","href":"https:\/\/api.w.org\/{rel}","templated":true}]}}