{"id":1837,"date":"2025-10-02T15:56:28","date_gmt":"2025-10-02T15:56:28","guid":{"rendered":"https:\/\/peptilife.co\/?post_type=product&#038;p=1837"},"modified":"2026-04-23T13:56:19","modified_gmt":"2026-04-23T13:56:19","slug":"retatrutide-10mg","status":"publish","type":"product","link":"https:\/\/peptilife.co\/es\/producto\/retatrutide-10mg\/","title":{"rendered":"Retatrutide | 10 mg"},"content":{"rendered":"<p class=\"p1\"><b>Retatrutida 10 mg en Colombia<\/b><b><\/b><\/p>\n<p class=\"p3\"><span class=\"s1\"><b>Retatrutida 10 mg<\/b><\/span> es un compuesto en fase de investigaci\u00f3n ampliamente estudiado en entornos cient\u00edficos. Est\u00e1 disponible en Colombia con <span class=\"s1\"><b>env\u00edos r\u00e1pidos y seguros<\/b><\/span>.<\/p>\n<p class=\"p4\">\n<h2><b>Caracter\u00edsticas del producto<\/b><\/h2>\n<p>&nbsp;<\/p>\n<p class=\"p1\"><b>Presentaci\u00f3n:<\/b><span class=\"s3\"> 10 mg<\/span><\/p>\n<p class=\"p3\"><span class=\"s1\"><b>Uso:<\/b><\/span> Solo para investigaci\u00f3n<\/p>\n<p class=\"p3\"><span class=\"s1\"><b>Pureza:<\/b><\/span> Alta pureza<\/p>\n<p class=\"p3\"><span class=\"s1\"><b>Env\u00edo:<\/b><\/span> R\u00e1pido dentro de Colombia<\/p>\n<p class=\"p4\">\n<h2><b>Disponibilidad y env\u00edos<\/b><\/h2>\n<p>&nbsp;<\/p>\n<p class=\"p3\">Realizamos env\u00edos dentro de Colombia en <span class=\"s1\"><b>24 a 72 horas h\u00e1biles<\/b><\/span>, dependiendo de la ciudad y la disponibilidad log\u00edstica.<\/p>\n<p class=\"p4\">\n<h2><b>Productos relacionados<\/b><\/h2>\n<p>&nbsp;<\/p>\n<p class=\"p3\">Tambi\u00e9n podr\u00eda interesarte <span class=\"s1\"><b>Tirzepatida 15 mg<\/b><\/span> o <span class=\"s1\"><b>HCG 5000 IU<\/b><\/span>.<\/p>\n<p class=\"p4\">\n<hr \/>\n<p>&nbsp;<\/p>\n<p class=\"p3\"><span class=\"s1\"><b>Retatrutida<\/b><\/span> es un p\u00e9ptido investigacional de nueva generaci\u00f3n que act\u00faa como <span class=\"s1\"><b>agonista triple de los receptores GLP-1, GIP y glucag\u00f3n<\/b><\/span>. Este mecanismo \u00fanico amplifica la respuesta natural del cuerpo en la <span class=\"s1\"><b>regulaci\u00f3n del apetito, la glucosa y el metabolismo de las grasas<\/b><\/span>. Al reducir el hambre, mejorar la sensibilidad a la insulina y estimular la oxidaci\u00f3n de l\u00edpidos, la <span class=\"s1\"><b>retatrutida<\/b><\/span> promueve una <span class=\"s1\"><b>reducci\u00f3n significativa del peso y un mejor equilibrio metab\u00f3lico<\/b><\/span>.<\/p>\n<p class=\"p3\">Reconocida como uno de los avances m\u00e1s prometedores en el campo de la <span class=\"s1\"><b>salud metab\u00f3lica<\/b><\/span>, la <span class=\"s1\"><b>retatrutida<\/b><\/span> ofrece un enfoque integral para el <span class=\"s1\"><b>manejo del peso<\/b><\/span>. M\u00e1s all\u00e1 de apoyar la p\u00e9rdida de grasa, tambi\u00e9n contribuye a <span class=\"s1\"><b>mejorar los niveles de energ\u00eda y el bienestar general<\/b><\/span>, ayudando a las personas a avanzar hacia un <span class=\"s1\"><b>estilo de vida m\u00e1s saludable y sostenible<\/b><\/span>.<\/p>\n<p class=\"p3\">Si tienes preguntas sobre este p\u00e9ptido, puedes probar nuestro <span class=\"s1\"><b>Asistente de IA<\/b><\/span> para obtener informaci\u00f3n personalizada de investigaci\u00f3n.<\/p>\n","protected":false},"excerpt":{"rendered":"<p class=\"p1\"><b>Retatrutida<\/b><span class=\"s1\"> es un p\u00e9ptido innovador dise\u00f1ado para <\/span><b>apoyar la p\u00e9rdida de peso y la regulaci\u00f3n metab\u00f3lica<\/b><span class=\"s1\">, ofreciendo resultados efectivos en el <\/span><b>control del apetito y la mejora de la composici\u00f3n corporal<\/b><span class=\"s1\">.<\/span><\/p>\n","protected":false},"featured_media":1862,"comment_status":"open","ping_status":"closed","template":"","meta":{"_acf_changed":false,"inline_featured_image":false},"product_brand":[],"product_cat":[87],"product_tag":[],"class_list":{"0":"post-1837","1":"product","2":"type-product","3":"status-publish","4":"has-post-thumbnail","6":"product_cat-weight","8":"first","9":"instock","10":"shipping-taxable","11":"purchasable","12":"product-type-simple"},"acf":[],"_links":{"self":[{"href":"https:\/\/peptilife.co\/es\/wp-json\/wp\/v2\/product\/1837","targetHints":{"allow":["GET"]}}],"collection":[{"href":"https:\/\/peptilife.co\/es\/wp-json\/wp\/v2\/product"}],"about":[{"href":"https:\/\/peptilife.co\/es\/wp-json\/wp\/v2\/types\/product"}],"replies":[{"embeddable":true,"href":"https:\/\/peptilife.co\/es\/wp-json\/wp\/v2\/comments?post=1837"}],"wp:featuredmedia":[{"embeddable":true,"href":"https:\/\/peptilife.co\/es\/wp-json\/wp\/v2\/media\/1862"}],"wp:attachment":[{"href":"https:\/\/peptilife.co\/es\/wp-json\/wp\/v2\/media?parent=1837"}],"wp:term":[{"taxonomy":"product_brand","embeddable":true,"href":"https:\/\/peptilife.co\/es\/wp-json\/wp\/v2\/product_brand?post=1837"},{"taxonomy":"product_cat","embeddable":true,"href":"https:\/\/peptilife.co\/es\/wp-json\/wp\/v2\/product_cat?post=1837"},{"taxonomy":"product_tag","embeddable":true,"href":"https:\/\/peptilife.co\/es\/wp-json\/wp\/v2\/product_tag?post=1837"}],"curies":[{"name":"wp","href":"https:\/\/api.w.org\/{rel}","templated":true}]}}