{"id":7,"date":"2025-09-06T01:30:24","date_gmt":"2025-09-06T01:30:24","guid":{"rendered":"https:\/\/peptilife.co\/carrito\/"},"modified":"2026-04-18T14:49:27","modified_gmt":"2026-04-18T14:49:27","slug":"cart","status":"publish","type":"page","link":"https:\/\/peptilife.co\/en\/cart\/","title":{"rendered":"Cart"},"content":{"rendered":"<div data-elementor-type=\"wp-page\" data-elementor-id=\"7\" class=\"elementor elementor-7\" data-elementor-post-type=\"page\">\n\t\t\t\t<div class=\"elementor-element elementor-element-bcf5d35 e-flex e-con-boxed e-con e-parent\" data-id=\"bcf5d35\" data-element_type=\"container\" data-e-type=\"container\" data-settings=\"{&quot;background_background&quot;:&quot;classic&quot;}\">\n\t\t\t\t\t<div class=\"e-con-inner\">\n\t\t\t\t<div class=\"elementor-element elementor-element-d45f952 elementor-view-default elementor-widget elementor-widget-icon\" data-id=\"d45f952\" data-element_type=\"widget\" data-e-type=\"widget\" data-widget_type=\"icon.default\">\n\t\t\t\t\t\t\t<div class=\"elementor-icon-wrapper\">\n\t\t\t<div class=\"elementor-icon\">\n\t\t\t<svg xmlns=\"http:\/\/www.w3.org\/2000\/svg\" viewbox=\"0 0 256 256\"><rect width=\"256\" height=\"256\" fill=\"none\"><\/rect><rect x=\"32\" y=\"48\" width=\"192\" height=\"160\" rx=\"8\" fill=\"none\" stroke=\"currentColor\" stroke-linecap=\"round\" stroke-linejoin=\"round\" stroke-width=\"16\"><\/rect><path d=\"M168,88a40,40,0,0,1-80,0\" fill=\"none\" stroke=\"currentColor\" stroke-linecap=\"round\" stroke-linejoin=\"round\" stroke-width=\"16\"><\/path><\/svg>\t\t\t<\/div>\n\t\t<\/div>\n\t\t\t\t\t\t<\/div>\n\t\t\t\t<div class=\"elementor-element elementor-element-e12f758 elementor-widget elementor-widget-heading\" data-id=\"e12f758\" data-element_type=\"widget\" data-e-type=\"widget\" data-widget_type=\"heading.default\">\n\t\t\t\t\t<h2 class=\"elementor-heading-title elementor-size-default\">Shopping cart<\/h2>\t\t\t\t<\/div>\n\t\t\t\t<div class=\"elementor-element elementor-element-c5a1101 elementor-widget elementor-widget-text-editor\" data-id=\"c5a1101\" data-element_type=\"widget\" data-e-type=\"widget\" data-widget_type=\"text-editor.default\">\n\t\t\t\t\t\t\t\t\t<p class=\"p1\">Review your items and choose a shipping method<\/p>\t\t\t\t\t\t\t\t<\/div>\n\t\t\t\t\t<\/div>\n\t\t\t\t<\/div>\n\t\t<div class=\"elementor-element elementor-element-b92a863 e-flex e-con-boxed e-con e-parent\" data-id=\"b92a863\" data-element_type=\"container\" data-e-type=\"container\">\n\t\t\t\t\t<div class=\"e-con-inner\">\n\t\t\t\t\t<\/div>\n\t\t\t\t<\/div>\n\t\t\t\t<\/div>","protected":false},"excerpt":{"rendered":"<p>Carrito de compras Revisa tus art\u00edculos y elige un m\u00e9todo de env\u00edo Remove item Thumbnail image Product Price Quantity Subtotal &times; Retatrutide | 10 mg &#36;520,000 Retatrutide | 10 mg quantity &#36;520,000 &times; FOXO4-DRI | 10 mg &#36;1,200,000 FOXO4-DRI | 10 mg quantity &#36;1,200,000 Update Cart Apply coupon Totales del carrito Subtotal &#36;1,720,000 Shipment 1 [&hellip;]<\/p>\n","protected":false},"author":1,"featured_media":0,"parent":0,"menu_order":0,"comment_status":"closed","ping_status":"closed","template":"","meta":{"_acf_changed":false,"inline_featured_image":false,"footnotes":""},"class_list":["post-7","page","type-page","status-publish","hentry"],"acf":[],"_hostinger_reach_plugin_has_subscription_block":false,"_hostinger_reach_plugin_is_elementor":false,"_links":{"self":[{"href":"https:\/\/peptilife.co\/en\/wp-json\/wp\/v2\/pages\/7","targetHints":{"allow":["GET"]}}],"collection":[{"href":"https:\/\/peptilife.co\/en\/wp-json\/wp\/v2\/pages"}],"about":[{"href":"https:\/\/peptilife.co\/en\/wp-json\/wp\/v2\/types\/page"}],"author":[{"embeddable":true,"href":"https:\/\/peptilife.co\/en\/wp-json\/wp\/v2\/users\/1"}],"replies":[{"embeddable":true,"href":"https:\/\/peptilife.co\/en\/wp-json\/wp\/v2\/comments?post=7"}],"version-history":[{"count":215,"href":"https:\/\/peptilife.co\/en\/wp-json\/wp\/v2\/pages\/7\/revisions"}],"predecessor-version":[{"id":2775,"href":"https:\/\/peptilife.co\/en\/wp-json\/wp\/v2\/pages\/7\/revisions\/2775"}],"wp:attachment":[{"href":"https:\/\/peptilife.co\/en\/wp-json\/wp\/v2\/media?parent=7"}],"curies":[{"name":"wp","href":"https:\/\/api.w.org\/{rel}","templated":true}]}}